{"id":7163,"date":"2025-09-12T10:09:54","date_gmt":"2025-09-12T10:09:54","guid":{"rendered":"https:\/\/sou-cakovice.cz\/?page_id=7163"},"modified":"2025-09-12T10:10:56","modified_gmt":"2025-09-12T10:10:56","slug":"novy-vstupni-system","status":"publish","type":"page","link":"https:\/\/sou-cakovice.cz\/?page_id=7163","title":{"rendered":"Nov\u00fd vstupn\u00ed syst\u00e9m"},"content":{"rendered":"<div class=\"wp-block-image\">\n<figure class=\"aligncenter size-large is-resized\"><img loading=\"lazy\" decoding=\"async\" width=\"683\" height=\"1024\" src=\"\/wp-content\/uploads\/zaci-cip-683x1024.jpg\" alt=\"\" class=\"wp-image-7164\" style=\"width:672px;height:auto\" srcset=\"\/wp-content\/uploads\/zaci-cip-683x1024.jpg 683w, \/wp-content\/uploads\/zaci-cip-200x300.jpg 200w, \/wp-content\/uploads\/zaci-cip-768x1152.jpg 768w, \/wp-content\/uploads\/zaci-cip.jpg 1024w\" sizes=\"auto, (max-width: 683px) 100vw, 683px\" \/><\/figure>\n<\/div>\n\n\n<p class=\"has-text-align-center\">V p\u0159\u00edpad\u011b, \u017ee do \u0161koly vstupujete ve skupin\u011b, nen\u00ed nutn\u00e9, aby ka\u017ed\u00fd \u017e\u00e1k p\u0159ilo\u017eil \u010dip ke \u010dte\u010dce.<\/p>\n\n\n\n<p><\/p>\n","protected":false},"excerpt":{"rendered":"<p>V p\u0159\u00edpad\u011b, \u017ee do \u0161koly vstupujete ve skupin\u011b, nen\u00ed nutn\u00e9, aby ka\u017ed\u00fd \u017e\u00e1k p\u0159ilo\u017eil \u010dip ke \u010dte\u010dce.<\/p>\n","protected":false},"author":2,"featured_media":0,"parent":0,"menu_order":0,"comment_status":"closed","ping_status":"closed","template":"","meta":{"_mc_calendar":[],"footnotes":""},"class_list":["post-7163","page","type-page","status-publish","hentry"],"acf":[],"_links":{"self":[{"href":"https:\/\/sou-cakovice.cz\/index.php?rest_route=\/wp\/v2\/pages\/7163","targetHints":{"allow":["GET"]}}],"collection":[{"href":"https:\/\/sou-cakovice.cz\/index.php?rest_route=\/wp\/v2\/pages"}],"about":[{"href":"https:\/\/sou-cakovice.cz\/index.php?rest_route=\/wp\/v2\/types\/page"}],"author":[{"embeddable":true,"href":"https:\/\/sou-cakovice.cz\/index.php?rest_route=\/wp\/v2\/users\/2"}],"replies":[{"embeddable":true,"href":"https:\/\/sou-cakovice.cz\/index.php?rest_route=%2Fwp%2Fv2%2Fcomments&post=7163"}],"version-history":[{"count":2,"href":"https:\/\/sou-cakovice.cz\/index.php?rest_route=\/wp\/v2\/pages\/7163\/revisions"}],"predecessor-version":[{"id":7167,"href":"https:\/\/sou-cakovice.cz\/index.php?rest_route=\/wp\/v2\/pages\/7163\/revisions\/7167"}],"wp:attachment":[{"href":"https:\/\/sou-cakovice.cz\/index.php?rest_route=%2Fwp%2Fv2%2Fmedia&parent=7163"}],"curies":[{"name":"wp","href":"https:\/\/api.w.org\/{rel}","templated":true}]}}