{"id":7,"date":"2015-05-05T09:03:26","date_gmt":"2015-05-05T09:03:26","guid":{"rendered":"http:\/\/www.sou-cakovice.cz\/?page_id=7"},"modified":"2026-01-20T10:02:27","modified_gmt":"2026-01-20T10:02:27","slug":"pro-uchazece","status":"publish","type":"page","link":"https:\/\/sou-cakovice.cz\/?page_id=7","title":{"rendered":"Pro uchaze\u010de"},"content":{"rendered":"<p style=\"text-align: center;\"><a href=\"https:\/\/sou-cakovice.cz\/?page_id=154\">Obory vzd\u011bl\u00e1v\u00e1n\u00ed<\/a><\/p>\n<p style=\"text-align: center;\"><a href=\"https:\/\/sou-cakovice.cz\/?page_id=416\">P\u0159ij\u00edmac\u00ed \u0159\u00edzen\u00ed pro \u0161koln\u00ed rok 2026\/2027<\/a><\/p>\n<p style=\"text-align: center;\"><a href=\"https:\/\/sou-cakovice.cz\/?page_id=201\">Profesn\u00ed kvalifikace<\/a><\/p>\n","protected":false},"excerpt":{"rendered":"<p>Obory vzd\u011bl\u00e1v\u00e1n\u00ed P\u0159ij\u00edmac\u00ed \u0159\u00edzen\u00ed pro \u0161koln\u00ed rok 2026\/2027 Profesn\u00ed kvalifikace<\/p>\n","protected":false},"author":3,"featured_media":0,"parent":0,"menu_order":41,"comment_status":"open","ping_status":"open","template":"","meta":{"_mc_calendar":[],"footnotes":""},"class_list":["post-7","page","type-page","status-publish","hentry"],"acf":[],"_links":{"self":[{"href":"https:\/\/sou-cakovice.cz\/index.php?rest_route=\/wp\/v2\/pages\/7","targetHints":{"allow":["GET"]}}],"collection":[{"href":"https:\/\/sou-cakovice.cz\/index.php?rest_route=\/wp\/v2\/pages"}],"about":[{"href":"https:\/\/sou-cakovice.cz\/index.php?rest_route=\/wp\/v2\/types\/page"}],"author":[{"embeddable":true,"href":"https:\/\/sou-cakovice.cz\/index.php?rest_route=\/wp\/v2\/users\/3"}],"replies":[{"embeddable":true,"href":"https:\/\/sou-cakovice.cz\/index.php?rest_route=%2Fwp%2Fv2%2Fcomments&post=7"}],"version-history":[{"count":22,"href":"https:\/\/sou-cakovice.cz\/index.php?rest_route=\/wp\/v2\/pages\/7\/revisions"}],"predecessor-version":[{"id":7272,"href":"https:\/\/sou-cakovice.cz\/index.php?rest_route=\/wp\/v2\/pages\/7\/revisions\/7272"}],"wp:attachment":[{"href":"https:\/\/sou-cakovice.cz\/index.php?rest_route=%2Fwp%2Fv2%2Fmedia&parent=7"}],"curies":[{"name":"wp","href":"https:\/\/api.w.org\/{rel}","templated":true}]}}