{"id":6202,"date":"2023-05-03T12:18:41","date_gmt":"2023-05-03T12:18:41","guid":{"rendered":"https:\/\/www.sou-cakovice.cz\/?page_id=6202"},"modified":"2023-05-05T08:00:11","modified_gmt":"2023-05-05T08:00:11","slug":"nabidky-prace-a-brigad","status":"publish","type":"page","link":"https:\/\/sou-cakovice.cz\/?page_id=6202","title":{"rendered":"Nab\u00eddky pr\u00e1ce a brig\u00e1d"},"content":{"rendered":"\n<p><\/p>\n\n\n\n<p class=\"has-text-align-center\"><\/p>\n\n\n<div class=\"wp-block-image\">\n<figure class=\"aligncenter size-full is-resized\"><a href=\"https:\/\/aromi.lacollezione.cz\/\" target=\"_blank\" rel=\"noreferrer noopenerhttps:\/\/aromi.lacollezione.cz\/ noopener\"><img loading=\"lazy\" decoding=\"async\" src=\"\/wp-content\/uploads\/image.png\" alt=\"\" class=\"wp-image-6203\" width=\"408\" height=\"205\"\/><\/a><\/figure>\n<\/div>\n\n\n\n\n<p><\/p>\n\n\n<p style=\"text-align: center;\"><strong>AROMI RISTORANTE<\/strong><\/p>\n<p style=\"text-align: center;\">P\u0159ijme vyu\u010den\u00e9ho <span style=\"color: #ff0000;\"><strong>KUCHA\u0158E<\/strong><\/span><\/p>\n<p style=\"text-align: center;\">V\u00edce informac\u00ed <a href=\"\/wp-content\/uploads\/Restaurace-Aromi-hleda-kuchare-5.pdf\" target=\"_blank\" rel=\"noopener\">ZDE<\/a><\/p>\n<hr \/>\n<p style=\"text-align: center;\"><strong>Maximum restaurant T\u0159eboradice<\/strong><\/p>\n<p style=\"text-align: center;\"><a href=\"http:\/\/www.maximumrestaurant.cz\/\" target=\"_blank\" rel=\"noopener\"><img loading=\"lazy\" decoding=\"async\" class=\"alignnone wp-image-6235 size-thumbnail\" src=\"\/wp-content\/uploads\/restaurant-logo-150x150.jpg\" alt=\"\" width=\"150\" height=\"150\" \/><\/a><\/p>\n<p style=\"text-align: center;\">P\u0159ijme vyu\u010den\u00e9ho <span style=\"color: #ff0000;\"><strong>KUCHA\u0158E\u00a0<\/strong><\/span><\/p>\n<p style=\"text-align: center;\">v\u00edce informac\u00ed na sekretari\u00e1tu \u0161koly<\/p>","protected":false},"excerpt":{"rendered":"<p>AROMI RISTORANTE P\u0159ijme vyu\u010den\u00e9ho KUCHA\u0158E V\u00edce informac\u00ed ZDE Maximum restaurant T\u0159eboradice P\u0159ijme vyu\u010den\u00e9ho KUCHA\u0158E\u00a0 v\u00edce informac\u00ed na sekretari\u00e1tu \u0161koly<\/p>\n","protected":false},"author":2,"featured_media":0,"parent":0,"menu_order":0,"comment_status":"closed","ping_status":"closed","template":"","meta":{"_mc_calendar":[],"footnotes":""},"class_list":["post-6202","page","type-page","status-publish","hentry"],"acf":[],"_links":{"self":[{"href":"https:\/\/sou-cakovice.cz\/index.php?rest_route=\/wp\/v2\/pages\/6202","targetHints":{"allow":["GET"]}}],"collection":[{"href":"https:\/\/sou-cakovice.cz\/index.php?rest_route=\/wp\/v2\/pages"}],"about":[{"href":"https:\/\/sou-cakovice.cz\/index.php?rest_route=\/wp\/v2\/types\/page"}],"author":[{"embeddable":true,"href":"https:\/\/sou-cakovice.cz\/index.php?rest_route=\/wp\/v2\/users\/2"}],"replies":[{"embeddable":true,"href":"https:\/\/sou-cakovice.cz\/index.php?rest_route=%2Fwp%2Fv2%2Fcomments&post=6202"}],"version-history":[{"count":5,"href":"https:\/\/sou-cakovice.cz\/index.php?rest_route=\/wp\/v2\/pages\/6202\/revisions"}],"predecessor-version":[{"id":6241,"href":"https:\/\/sou-cakovice.cz\/index.php?rest_route=\/wp\/v2\/pages\/6202\/revisions\/6241"}],"wp:attachment":[{"href":"https:\/\/sou-cakovice.cz\/index.php?rest_route=%2Fwp%2Fv2%2Fmedia&parent=6202"}],"curies":[{"name":"wp","href":"https:\/\/api.w.org\/{rel}","templated":true}]}}