{"id":5829,"date":"2022-10-07T10:33:02","date_gmt":"2022-10-07T10:33:02","guid":{"rendered":"https:\/\/www.sou-cakovice.cz\/?page_id=5829"},"modified":"2022-10-07T10:37:36","modified_gmt":"2022-10-07T10:37:36","slug":"nasi-zaci-obsluhovali-katarskeho-emira","status":"publish","type":"page","link":"https:\/\/sou-cakovice.cz\/?page_id=5829","title":{"rendered":"Na\u0161i \u017e\u00e1ci obsluhovali Katarsk\u00e9ho em\u00edra"},"content":{"rendered":"\n<p class=\"has-text-align-center\">Dne 5. 10. 2022 se na\u0161i \u017e\u00e1ci pod\u00edleli na obsluze host\u016f p\u0159i slavnostn\u00edm ob\u011bd\u011b, kter\u00fd na po\u010dest Katarsk\u00e9ho em\u00edra  Tamim bin Ham\u00e1d S\u00e1n\u00ed&nbsp;po\u0159\u00e1dal ve Vladislavsk\u00e9m s\u00e1le Pra\u017esk\u00e9ho hradu prezident Milo\u0161 Zeman.<\/p>\n\n\n\n<figure class=\"wp-block-gallery has-nested-images columns-default is-cropped wp-block-gallery-1 is-layout-flex wp-block-gallery-is-layout-flex\">\n<figure class=\"wp-block-image size-large\"><a href=\"\/wp-content\/uploads\/viber_image_2022-10-07_12-16-26-593.jpg\"><img loading=\"lazy\" decoding=\"async\" width=\"768\" height=\"1024\" data-id=\"5836\" src=\"\/wp-content\/uploads\/viber_image_2022-10-07_12-16-26-593.jpg\" alt=\"\" class=\"wp-image-5836\" srcset=\"\/wp-content\/uploads\/viber_image_2022-10-07_12-16-26-593.jpg 768w, \/wp-content\/uploads\/viber_image_2022-10-07_12-16-26-593-225x300.jpg 225w\" sizes=\"auto, (max-width: 768px) 100vw, 768px\" \/><\/a><\/figure>\n\n\n\n<figure class=\"wp-block-image size-large\"><a href=\"\/wp-content\/uploads\/viber_image_2022-10-07_12-14-27-447.jpg\"><img loading=\"lazy\" decoding=\"async\" width=\"768\" height=\"1024\" data-id=\"5835\" src=\"\/wp-content\/uploads\/viber_image_2022-10-07_12-14-27-447.jpg\" alt=\"\" class=\"wp-image-5835\" srcset=\"\/wp-content\/uploads\/viber_image_2022-10-07_12-14-27-447.jpg 768w, \/wp-content\/uploads\/viber_image_2022-10-07_12-14-27-447-225x300.jpg 225w\" sizes=\"auto, (max-width: 768px) 100vw, 768px\" \/><\/a><\/figure>\n\n\n\n<figure class=\"wp-block-image size-large\"><a href=\"\/wp-content\/uploads\/viber_image_2022-10-07_12-16-26-790.jpg\"><img loading=\"lazy\" decoding=\"async\" width=\"768\" height=\"1024\" data-id=\"5837\" src=\"\/wp-content\/uploads\/viber_image_2022-10-07_12-16-26-790.jpg\" alt=\"\" class=\"wp-image-5837\" srcset=\"\/wp-content\/uploads\/viber_image_2022-10-07_12-16-26-790.jpg 768w, \/wp-content\/uploads\/viber_image_2022-10-07_12-16-26-790-225x300.jpg 225w\" sizes=\"auto, (max-width: 768px) 100vw, 768px\" \/><\/a><\/figure>\n\n\n\n<figure class=\"wp-block-image size-large\"><a href=\"\/wp-content\/uploads\/viber_image_2022-10-07_12-16-27-200.jpg\"><img loading=\"lazy\" decoding=\"async\" width=\"768\" height=\"1024\" data-id=\"5838\" src=\"\/wp-content\/uploads\/viber_image_2022-10-07_12-16-27-200.jpg\" alt=\"\" class=\"wp-image-5838\" srcset=\"\/wp-content\/uploads\/viber_image_2022-10-07_12-16-27-200.jpg 768w, \/wp-content\/uploads\/viber_image_2022-10-07_12-16-27-200-225x300.jpg 225w\" sizes=\"auto, (max-width: 768px) 100vw, 768px\" \/><\/a><\/figure>\n\n\n\n<figure class=\"wp-block-image size-large\"><a href=\"\/wp-content\/uploads\/viber_image_2022-10-07_12-21-06-624.jpg\"><img loading=\"lazy\" decoding=\"async\" width=\"768\" height=\"1024\" data-id=\"5839\" src=\"\/wp-content\/uploads\/viber_image_2022-10-07_12-21-06-624.jpg\" alt=\"\" class=\"wp-image-5839\" srcset=\"\/wp-content\/uploads\/viber_image_2022-10-07_12-21-06-624.jpg 768w, \/wp-content\/uploads\/viber_image_2022-10-07_12-21-06-624-225x300.jpg 225w\" sizes=\"auto, (max-width: 768px) 100vw, 768px\" \/><\/a><\/figure>\n\n\n\n<figure class=\"wp-block-image size-large\"><a href=\"\/wp-content\/uploads\/viber_image_2022-10-07_12-21-07-337.jpg\"><img loading=\"lazy\" decoding=\"async\" width=\"768\" height=\"1024\" data-id=\"5840\" src=\"\/wp-content\/uploads\/viber_image_2022-10-07_12-21-07-337.jpg\" alt=\"\" class=\"wp-image-5840\" srcset=\"\/wp-content\/uploads\/viber_image_2022-10-07_12-21-07-337.jpg 768w, \/wp-content\/uploads\/viber_image_2022-10-07_12-21-07-337-225x300.jpg 225w\" sizes=\"auto, (max-width: 768px) 100vw, 768px\" \/><\/a><\/figure>\n\n\n\n<figure class=\"wp-block-image size-large\"><a href=\"\/wp-content\/uploads\/viber_image_2022-10-07_12-21-38-115.jpg\"><img loading=\"lazy\" decoding=\"async\" width=\"768\" height=\"1024\" data-id=\"5841\" src=\"\/wp-content\/uploads\/viber_image_2022-10-07_12-21-38-115.jpg\" alt=\"\" class=\"wp-image-5841\" srcset=\"\/wp-content\/uploads\/viber_image_2022-10-07_12-21-38-115.jpg 768w, \/wp-content\/uploads\/viber_image_2022-10-07_12-21-38-115-225x300.jpg 225w\" sizes=\"auto, (max-width: 768px) 100vw, 768px\" \/><\/a><\/figure>\n\n\n\n<figure class=\"wp-block-image size-large\"><a href=\"\/wp-content\/uploads\/viber_image_2022-10-07_12-21-38-726.jpg\"><img loading=\"lazy\" decoding=\"async\" width=\"768\" height=\"1024\" data-id=\"5842\" src=\"\/wp-content\/uploads\/viber_image_2022-10-07_12-21-38-726.jpg\" alt=\"\" class=\"wp-image-5842\" srcset=\"\/wp-content\/uploads\/viber_image_2022-10-07_12-21-38-726.jpg 768w, \/wp-content\/uploads\/viber_image_2022-10-07_12-21-38-726-225x300.jpg 225w\" sizes=\"auto, (max-width: 768px) 100vw, 768px\" \/><\/a><\/figure>\n\n\n\n<figure class=\"wp-block-image size-large\"><a href=\"\/wp-content\/uploads\/viber_image_2022-10-07_12-21-38-911.jpg\"><img loading=\"lazy\" decoding=\"async\" width=\"768\" height=\"1024\" data-id=\"5843\" src=\"\/wp-content\/uploads\/viber_image_2022-10-07_12-21-38-911.jpg\" alt=\"\" class=\"wp-image-5843\" srcset=\"\/wp-content\/uploads\/viber_image_2022-10-07_12-21-38-911.jpg 768w, \/wp-content\/uploads\/viber_image_2022-10-07_12-21-38-911-225x300.jpg 225w\" sizes=\"auto, (max-width: 768px) 100vw, 768px\" \/><\/a><\/figure>\n\n\n\n<figure class=\"wp-block-image size-large\"><a href=\"\/wp-content\/uploads\/viber_image_2022-10-07_12-21-39-721.jpg\"><img loading=\"lazy\" decoding=\"async\" width=\"768\" height=\"1024\" data-id=\"5844\" src=\"\/wp-content\/uploads\/viber_image_2022-10-07_12-21-39-721.jpg\" alt=\"\" class=\"wp-image-5844\" srcset=\"\/wp-content\/uploads\/viber_image_2022-10-07_12-21-39-721.jpg 768w, \/wp-content\/uploads\/viber_image_2022-10-07_12-21-39-721-225x300.jpg 225w\" sizes=\"auto, (max-width: 768px) 100vw, 768px\" \/><\/a><\/figure>\n\n\n\n<figure class=\"wp-block-image size-large\"><a href=\"\/wp-content\/uploads\/viber_image_2022-10-07_12-21-39-921.jpg\"><img loading=\"lazy\" decoding=\"async\" width=\"768\" height=\"1024\" data-id=\"5845\" src=\"\/wp-content\/uploads\/viber_image_2022-10-07_12-21-39-921.jpg\" alt=\"\" class=\"wp-image-5845\" srcset=\"\/wp-content\/uploads\/viber_image_2022-10-07_12-21-39-921.jpg 768w, \/wp-content\/uploads\/viber_image_2022-10-07_12-21-39-921-225x300.jpg 225w\" sizes=\"auto, (max-width: 768px) 100vw, 768px\" \/><\/a><\/figure>\n\n\n\n<figure class=\"wp-block-image size-large\"><a href=\"\/wp-content\/uploads\/viber_image_2022-10-07_12-25-35-931.jpg\"><img loading=\"lazy\" decoding=\"async\" width=\"768\" height=\"1024\" data-id=\"5846\" src=\"\/wp-content\/uploads\/viber_image_2022-10-07_12-25-35-931.jpg\" alt=\"\" class=\"wp-image-5846\" srcset=\"\/wp-content\/uploads\/viber_image_2022-10-07_12-25-35-931.jpg 768w, \/wp-content\/uploads\/viber_image_2022-10-07_12-25-35-931-225x300.jpg 225w\" sizes=\"auto, (max-width: 768px) 100vw, 768px\" \/><\/a><\/figure>\n<\/figure>\n\n\n\n<p><\/p>\n\n\n\n<figure class=\"wp-block-video\"><video height=\"272\" style=\"aspect-ratio: 480 \/ 272;\" width=\"480\" autoplay controls muted src=\"\/wp-content\/uploads\/jjhjj-1.mp4\" playsinline><\/video><\/figure>\n\n\n\n<figure class=\"wp-block-video\"><video height=\"272\" style=\"aspect-ratio: 480 \/ 272;\" width=\"480\" autoplay muted src=\"\/wp-content\/uploads\/0-02-05-87c8365f5c7e04430f5b1fe5f1d166b259568d19d3822f27620c453a795c809a_db80c45343189783-1.mp4\" playsinline><\/video><\/figure>\n","protected":false},"excerpt":{"rendered":"<p>Dne 5. 10. 2022 se na\u0161i \u017e\u00e1ci pod\u00edleli na obsluze host\u016f p\u0159i slavnostn\u00edm ob\u011bd\u011b, kter\u00fd na po\u010dest Katarsk\u00e9ho em\u00edra Tamim bin Ham\u00e1d S\u00e1n\u00ed&nbsp;po\u0159\u00e1dal ve Vladislavsk\u00e9m s\u00e1le Pra\u017esk\u00e9ho hradu prezident Milo\u0161 Zeman.<\/p>\n","protected":false},"author":2,"featured_media":0,"parent":0,"menu_order":2,"comment_status":"closed","ping_status":"closed","template":"","meta":{"_mc_calendar":[],"footnotes":""},"class_list":["post-5829","page","type-page","status-publish","hentry"],"acf":[],"_links":{"self":[{"href":"https:\/\/sou-cakovice.cz\/index.php?rest_route=\/wp\/v2\/pages\/5829","targetHints":{"allow":["GET"]}}],"collection":[{"href":"https:\/\/sou-cakovice.cz\/index.php?rest_route=\/wp\/v2\/pages"}],"about":[{"href":"https:\/\/sou-cakovice.cz\/index.php?rest_route=\/wp\/v2\/types\/page"}],"author":[{"embeddable":true,"href":"https:\/\/sou-cakovice.cz\/index.php?rest_route=\/wp\/v2\/users\/2"}],"replies":[{"embeddable":true,"href":"https:\/\/sou-cakovice.cz\/index.php?rest_route=%2Fwp%2Fv2%2Fcomments&post=5829"}],"version-history":[{"count":3,"href":"https:\/\/sou-cakovice.cz\/index.php?rest_route=\/wp\/v2\/pages\/5829\/revisions"}],"predecessor-version":[{"id":5858,"href":"https:\/\/sou-cakovice.cz\/index.php?rest_route=\/wp\/v2\/pages\/5829\/revisions\/5858"}],"wp:attachment":[{"href":"https:\/\/sou-cakovice.cz\/index.php?rest_route=%2Fwp%2Fv2%2Fmedia&parent=5829"}],"curies":[{"name":"wp","href":"https:\/\/api.w.org\/{rel}","templated":true}]}}