{"id":5349,"date":"2022-02-22T09:10:22","date_gmt":"2022-02-22T09:10:22","guid":{"rendered":"http:\/\/www.sou-cakovice.cz\/?page_id=5349"},"modified":"2026-04-07T05:11:50","modified_gmt":"2026-04-07T05:11:50","slug":"publicita","status":"publish","type":"page","link":"https:\/\/sou-cakovice.cz\/?page_id=5349","title":{"rendered":"Publicita"},"content":{"rendered":"<p>&nbsp;<\/p>\n<p style=\"text-align: center;\"><a href=\"\/wp-content\/uploads\/tand.jpg\"><img loading=\"lazy\" decoding=\"async\" class=\"alignnone wp-image-7322 size-full\" src=\"\/wp-content\/uploads\/tand.jpg\" alt=\"\" width=\"356\" height=\"87\" srcset=\"\/wp-content\/uploads\/tand.jpg 356w, \/wp-content\/uploads\/tand-300x73.jpg 300w\" sizes=\"auto, (max-width: 356px) 100vw, 356px\" \/><\/a><\/p>\n<hr \/>\n<p style=\"text-align: center;\">\n<p style=\"text-align: center;\"><a href=\"\/wp-content\/uploads\/sabdelka.jpg\"><img loading=\"lazy\" decoding=\"async\" class=\"alignnone wp-image-7182 size-medium\" src=\"\/wp-content\/uploads\/sabdelka-300x212.jpg\" alt=\"\" width=\"300\" height=\"212\" srcset=\"\/wp-content\/uploads\/sabdelka-300x212.jpg 300w, \/wp-content\/uploads\/sabdelka-1024x724.jpg 1024w, \/wp-content\/uploads\/sabdelka-768x543.jpg 768w, \/wp-content\/uploads\/sabdelka-1536x1086.jpg 1536w, \/wp-content\/uploads\/sabdelka-2048x1448.jpg 2048w\" sizes=\"auto, (max-width: 300px) 100vw, 300px\" \/><\/a><\/p>\n<hr \/>\n<p><a href=\"\/wp-content\/uploads\/0-2.jpg\"><img loading=\"lazy\" decoding=\"async\" class=\"aligncenter wp-image-6793 size-medium\" src=\"\/wp-content\/uploads\/0-2-212x300.jpg\" alt=\"\" width=\"212\" height=\"300\" srcset=\"\/wp-content\/uploads\/0-2-212x300.jpg 212w, \/wp-content\/uploads\/0-2-724x1024.jpg 724w, \/wp-content\/uploads\/0-2-768x1086.jpg 768w, \/wp-content\/uploads\/0-2-1086x1536.jpg 1086w, \/wp-content\/uploads\/0-2.jpg 1190w\" sizes=\"auto, (max-width: 212px) 100vw, 212px\" \/><\/a><\/p>\n<hr \/>\n<p style=\"text-align: center;\"><a href=\"\/wp-content\/uploads\/0-1.jpg\"><img loading=\"lazy\" decoding=\"async\" class=\"alignnone wp-image-6600 size-medium\" src=\"\/wp-content\/uploads\/0-1-212x300.jpg\" alt=\"\" width=\"212\" height=\"300\" srcset=\"\/wp-content\/uploads\/0-1-212x300.jpg 212w, \/wp-content\/uploads\/0-1-724x1024.jpg 724w, \/wp-content\/uploads\/0-1-768x1086.jpg 768w, \/wp-content\/uploads\/0-1-1086x1536.jpg 1086w, \/wp-content\/uploads\/0-1.jpg 1190w\" sizes=\"auto, (max-width: 212px) 100vw, 212px\" \/><\/a><\/p>\n<hr \/>\n<p style=\"text-align: center;\"><a href=\"\/wp-content\/uploads\/0.jpg\"><img loading=\"lazy\" decoding=\"async\" class=\"alignnone wp-image-6596 size-medium\" src=\"\/wp-content\/uploads\/0-212x300.jpg\" alt=\"\" width=\"212\" height=\"300\" srcset=\"\/wp-content\/uploads\/0-212x300.jpg 212w, \/wp-content\/uploads\/0-724x1024.jpg 724w, \/wp-content\/uploads\/0-768x1086.jpg 768w, \/wp-content\/uploads\/0-1086x1536.jpg 1086w, \/wp-content\/uploads\/0.jpg 1190w\" sizes=\"auto, (max-width: 212px) 100vw, 212px\" \/><\/a><\/p>\n<hr \/>\n<p style=\"text-align: center;\"><a href=\"\/wp-content\/uploads\/Skola-je-zapojena-do-projektu-1.png\"><img loading=\"lazy\" decoding=\"async\" class=\"alignnone wp-image-6436 size-medium\" src=\"\/wp-content\/uploads\/Skola-je-zapojena-do-projektu-1-300x300.png\" alt=\"\" width=\"300\" height=\"300\" srcset=\"\/wp-content\/uploads\/Skola-je-zapojena-do-projektu-1-300x300.png 300w, \/wp-content\/uploads\/Skola-je-zapojena-do-projektu-1-1024x1024.png 1024w, \/wp-content\/uploads\/Skola-je-zapojena-do-projektu-1-150x150.png 150w, \/wp-content\/uploads\/Skola-je-zapojena-do-projektu-1-768x768.png 768w, \/wp-content\/uploads\/Skola-je-zapojena-do-projektu-1.png 1080w\" sizes=\"auto, (max-width: 300px) 100vw, 300px\" \/><\/a><\/p>\n<hr \/>\n<p style=\"text-align: center;\">Na\u0161e \u0161kola je partnerem projektu <a href=\"https:\/\/www.prazskyinovacniinstitut.cz\/projekty\/ikap2\" target=\"_blank\" rel=\"noopener\">iKAP II &#8211; Inovace ve vzd\u011bl\u00e1v\u00e1n\u00ed<\/a>\u00a0.<\/p>\n<p style=\"text-align: center;\">Registra\u010dn\u00ed \u010d\u00edslo projektu: CZ.02.3.68\/0.0\/0.0\/19_078\/0021106<\/p>\n<p><a href=\"\/wp-content\/uploads\/Schvalene-logo-iKAP-horizontalni-modre-pozadi-1.jpg\"><img loading=\"lazy\" decoding=\"async\" class=\"aligncenter wp-image-5519 size-medium\" src=\"\/wp-content\/uploads\/Schvalene-logo-iKAP-horizontalni-modre-pozadi-1-300x144.jpg\" alt=\"\" width=\"300\" height=\"144\" srcset=\"\/wp-content\/uploads\/Schvalene-logo-iKAP-horizontalni-modre-pozadi-1-300x144.jpg 300w, \/wp-content\/uploads\/Schvalene-logo-iKAP-horizontalni-modre-pozadi-1-768x368.jpg 768w, \/wp-content\/uploads\/Schvalene-logo-iKAP-horizontalni-modre-pozadi-1-1024x490.jpg 1024w, \/wp-content\/uploads\/Schvalene-logo-iKAP-horizontalni-modre-pozadi-1.jpg 1358w\" sizes=\"auto, (max-width: 300px) 100vw, 300px\" \/><\/a><\/p>\n<p style=\"text-align: center;\"><a href=\"\/wp-content\/uploads\/Logolink_OP_VVV_hor_barva_cz.jpg\"><img loading=\"lazy\" decoding=\"async\" class=\"size-large wp-image-5539 aligncenter\" src=\"\/wp-content\/uploads\/Logolink_OP_VVV_hor_barva_cz-1024x227.jpg\" alt=\"\" width=\"1024\" height=\"227\" srcset=\"\/wp-content\/uploads\/Logolink_OP_VVV_hor_barva_cz-1024x227.jpg 1024w, \/wp-content\/uploads\/Logolink_OP_VVV_hor_barva_cz-300x67.jpg 300w, \/wp-content\/uploads\/Logolink_OP_VVV_hor_barva_cz-768x170.jpg 768w, \/wp-content\/uploads\/Logolink_OP_VVV_hor_barva_cz.jpg 1559w\" sizes=\"auto, (max-width: 1024px) 100vw, 1024px\" \/><\/a><\/p>\n<hr \/>\n<p><a href=\"\/wp-content\/uploads\/P\u0159\u00edloha4_M\u0160MT-Plak\u00e1t-A4-k-publicit\u011b-NPO1.png\"><img loading=\"lazy\" decoding=\"async\" class=\"aligncenter wp-image-5327 size-medium\" src=\"\/wp-content\/uploads\/P\u0159\u00edloha4_M\u0160MT-Plak\u00e1t-A4-k-publicit\u011b-NPO1-212x300.png\" alt=\"\" width=\"212\" height=\"300\" srcset=\"\/wp-content\/uploads\/P\u0159\u00edloha4_M\u0160MT-Plak\u00e1t-A4-k-publicit\u011b-NPO1-212x300.png 212w, \/wp-content\/uploads\/P\u0159\u00edloha4_M\u0160MT-Plak\u00e1t-A4-k-publicit\u011b-NPO1.png 595w\" sizes=\"auto, (max-width: 212px) 100vw, 212px\" \/><\/a><\/p>\n<hr \/>\n<p><a href=\"\/wp-content\/uploads\/Bez-n\u00e1zvu-5.jpg\"><img loading=\"lazy\" decoding=\"async\" class=\"aligncenter wp-image-4395\" src=\"\/wp-content\/uploads\/Bez-n\u00e1zvu-5-300x176.jpg\" alt=\"\" width=\"450\" height=\"263\" srcset=\"\/wp-content\/uploads\/Bez-n\u00e1zvu-5-300x176.jpg 300w, \/wp-content\/uploads\/Bez-n\u00e1zvu-5-768x450.jpg 768w, \/wp-content\/uploads\/Bez-n\u00e1zvu-5-1024x600.jpg 1024w, \/wp-content\/uploads\/Bez-n\u00e1zvu-5.jpg 1409w\" sizes=\"auto, (max-width: 450px) 100vw, 450px\" \/><\/a><\/p>\n<hr \/>\n<p style=\"text-align: center;\"><a href=\"\/wp-content\/uploads\/Bez-n\u00e1zvu-3.jpg\" target=\"_blank\" rel=\"noopener\"><img loading=\"lazy\" decoding=\"async\" class=\"alignnone wp-image-4338\" src=\"\/wp-content\/uploads\/Bez-n\u00e1zvu-3-1024x712.jpg\" alt=\"\" width=\"450\" height=\"313\" srcset=\"\/wp-content\/uploads\/Bez-n\u00e1zvu-3-1024x712.jpg 1024w, \/wp-content\/uploads\/Bez-n\u00e1zvu-3-300x208.jpg 300w, \/wp-content\/uploads\/Bez-n\u00e1zvu-3-768x534.jpg 768w, \/wp-content\/uploads\/Bez-n\u00e1zvu-3.jpg 1278w\" sizes=\"auto, (max-width: 450px) 100vw, 450px\" \/><\/a><\/p>\n<p style=\"text-align: center;\">Pod\u011bkov\u00e1n\u00ed od Asociace hotel\u016f a restaurac\u00ed \u010cesk\u00e9 republiky\u00a0<a href=\"\/wp-content\/uploads\/skola-roku-podekovani.pdf\" target=\"_blank\" rel=\"noopener\">ZDE<\/a><\/p>\n<hr \/>\n<p style=\"text-align: center;\">Na\u0161e \u0161kola spolupracuje s firmou Globus \u010cR, k. s. &#8211; v\u00edce informaci po kliknut\u00ed na logo:<\/p>\n<p style=\"text-align: center;\"><a href=\"\/wp-content\/uploads\/Globus_ucni_DL_Web.pdf\" target=\"_blank\" rel=\"noopener\"><img loading=\"lazy\" decoding=\"async\" class=\"aligncenter wp-image-3784 size-medium\" src=\"\/wp-content\/uploads\/globus-logo2-300x196.jpg\" alt=\"\" width=\"300\" height=\"196\" \/><\/a><\/p>\n<hr \/>\n<p style=\"text-align: center;\"><a href=\"\/wp-content\/uploads\/Bez-n\u00e1zvu-1.jpg\" target=\"_blank\" rel=\"noopener\"><img loading=\"lazy\" decoding=\"async\" class=\"aligncenter wp-image-3593\" src=\"\/wp-content\/uploads\/Bez-n\u00e1zvu-1.jpg\" alt=\"\" width=\"337\" height=\"254\" srcset=\"\/wp-content\/uploads\/Bez-n\u00e1zvu-1.jpg 854w, \/wp-content\/uploads\/Bez-n\u00e1zvu-1-300x226.jpg 300w, \/wp-content\/uploads\/Bez-n\u00e1zvu-1-768x579.jpg 768w\" sizes=\"auto, (max-width: 337px) 100vw, 337px\" \/><\/a><\/p>\n<p style=\"text-align: center;\">U\u010ditel\u00e9 \u0161koly absolvovali v letech 2017, 2018 akreditovan\u00fd program M\u0160MT MI\u0160 &#8211; &#8222;Minimalizace \u0161ikany&#8220;<\/p>\n<hr \/>\n<p style=\"text-align: center;\"><a href=\"\/wp-content\/uploads\/Bez-n\u00e1zvu.jpg\"><br \/>\n<img loading=\"lazy\" decoding=\"async\" class=\"aligncenter wp-image-1286\" src=\"\/wp-content\/uploads\/Bez-n\u00e1zvu-284x300.jpg\" alt=\"Bez n\u00e1zvu\" width=\"284\" height=\"300\" srcset=\"\/wp-content\/uploads\/Bez-n\u00e1zvu-284x300.jpg 284w, \/wp-content\/uploads\/Bez-n\u00e1zvu.jpg 640w\" sizes=\"auto, (max-width: 284px) 100vw, 284px\" \/><\/a><\/p>\n","protected":false},"excerpt":{"rendered":"<p>&nbsp; Na\u0161e \u0161kola je partnerem projektu iKAP II &#8211; Inovace ve vzd\u011bl\u00e1v\u00e1n\u00ed\u00a0. Registra\u010dn\u00ed \u010d\u00edslo projektu: CZ.02.3.68\/0.0\/0.0\/19_078\/0021106 Pod\u011bkov\u00e1n\u00ed od Asociace hotel\u016f a restaurac\u00ed \u010cesk\u00e9 republiky\u00a0ZDE Na\u0161e \u0161kola spolupracuje s firmou Globus \u010cR, k. s. &#8211; v\u00edce informaci po kliknut\u00ed na logo: U\u010ditel\u00e9 \u0161koly absolvovali v letech 2017, 2018 akreditovan\u00fd program M\u0160MT MI\u0160 &#8211; &#8222;Minimalizace \u0161ikany&#8220;<\/p>\n","protected":false},"author":2,"featured_media":0,"parent":0,"menu_order":7,"comment_status":"closed","ping_status":"closed","template":"","meta":{"_mc_calendar":[],"footnotes":""},"class_list":["post-5349","page","type-page","status-publish","hentry"],"acf":[],"_links":{"self":[{"href":"https:\/\/sou-cakovice.cz\/index.php?rest_route=\/wp\/v2\/pages\/5349","targetHints":{"allow":["GET"]}}],"collection":[{"href":"https:\/\/sou-cakovice.cz\/index.php?rest_route=\/wp\/v2\/pages"}],"about":[{"href":"https:\/\/sou-cakovice.cz\/index.php?rest_route=\/wp\/v2\/types\/page"}],"author":[{"embeddable":true,"href":"https:\/\/sou-cakovice.cz\/index.php?rest_route=\/wp\/v2\/users\/2"}],"replies":[{"embeddable":true,"href":"https:\/\/sou-cakovice.cz\/index.php?rest_route=%2Fwp%2Fv2%2Fcomments&post=5349"}],"version-history":[{"count":24,"href":"https:\/\/sou-cakovice.cz\/index.php?rest_route=\/wp\/v2\/pages\/5349\/revisions"}],"predecessor-version":[{"id":7323,"href":"https:\/\/sou-cakovice.cz\/index.php?rest_route=\/wp\/v2\/pages\/5349\/revisions\/7323"}],"wp:attachment":[{"href":"https:\/\/sou-cakovice.cz\/index.php?rest_route=%2Fwp%2Fv2%2Fmedia&parent=5349"}],"curies":[{"name":"wp","href":"https:\/\/api.w.org\/{rel}","templated":true}]}}