{"id":5259,"date":"2022-01-03T05:57:42","date_gmt":"2022-01-03T05:57:42","guid":{"rendered":"http:\/\/www.sou-cakovice.cz\/?page_id=5259"},"modified":"2022-01-03T05:59:00","modified_gmt":"2022-01-03T05:59:00","slug":"skola-zpracovava-v-souvislosti-s-vyuzitim-webovych-stranek-pouze-takove-cookies-ktere-jsou-nezbytne-nutne-pro-zajisteni-provozu-webovych-stranek-a-internetovych-sluzeb-u-kterych-neni-nutno-ziskat-so","status":"publish","type":"page","link":"https:\/\/sou-cakovice.cz\/?page_id=5259","title":{"rendered":"\u0160kola zpracov\u00e1v\u00e1 v souvislosti s vyu\u017eit\u00edm webov\u00fdch str\u00e1nek pouze takov\u00e9 cookies, kter\u00e9 jsou nezbytn\u011b nutn\u00e9 pro zaji\u0161t\u011bn\u00ed provozu webov\u00fdch str\u00e1nek a internetov\u00fdch slu\u017eeb, u kter\u00fdch nen\u00ed nutno z\u00edskat souhlas u\u017eivatele webu (technick\u00e9 a rela\u010dn\u00ed cookies)."},"content":{"rendered":"<p><\/p>\n<p style=\"text-align: center;\">\u0160kola zpracov\u00e1v\u00e1 v souvislosti s vyu\u017eit\u00edm webov\u00fdch str\u00e1nek pouze takov\u00e9 cookies, kter\u00e9 jsou nezbytn\u011b nutn\u00e9 pro zaji\u0161t\u011bn\u00ed provozu webov\u00fdch str\u00e1nek a internetov\u00fdch slu\u017eeb, u kter\u00fdch nen\u00ed nutno z\u00edskat souhlas u\u017eivatele webu (technick\u00e9 a rela\u010dn\u00ed cookies).<\/p>\n<p><\/p>","protected":false},"excerpt":{"rendered":"<p>\u0160kola zpracov\u00e1v\u00e1 v souvislosti s vyu\u017eit\u00edm webov\u00fdch str\u00e1nek pouze takov\u00e9 cookies, kter\u00e9 jsou nezbytn\u011b nutn\u00e9 pro zaji\u0161t\u011bn\u00ed provozu webov\u00fdch str\u00e1nek a internetov\u00fdch slu\u017eeb, u kter\u00fdch nen\u00ed nutno z\u00edskat souhlas u\u017eivatele webu (technick\u00e9 a rela\u010dn\u00ed cookies).<\/p>\n","protected":false},"author":2,"featured_media":0,"parent":0,"menu_order":9,"comment_status":"closed","ping_status":"closed","template":"","meta":{"_mc_calendar":[],"footnotes":""},"class_list":["post-5259","page","type-page","status-publish","hentry"],"acf":[],"_links":{"self":[{"href":"https:\/\/sou-cakovice.cz\/index.php?rest_route=\/wp\/v2\/pages\/5259","targetHints":{"allow":["GET"]}}],"collection":[{"href":"https:\/\/sou-cakovice.cz\/index.php?rest_route=\/wp\/v2\/pages"}],"about":[{"href":"https:\/\/sou-cakovice.cz\/index.php?rest_route=\/wp\/v2\/types\/page"}],"author":[{"embeddable":true,"href":"https:\/\/sou-cakovice.cz\/index.php?rest_route=\/wp\/v2\/users\/2"}],"replies":[{"embeddable":true,"href":"https:\/\/sou-cakovice.cz\/index.php?rest_route=%2Fwp%2Fv2%2Fcomments&post=5259"}],"version-history":[{"count":3,"href":"https:\/\/sou-cakovice.cz\/index.php?rest_route=\/wp\/v2\/pages\/5259\/revisions"}],"predecessor-version":[{"id":5263,"href":"https:\/\/sou-cakovice.cz\/index.php?rest_route=\/wp\/v2\/pages\/5259\/revisions\/5263"}],"wp:attachment":[{"href":"https:\/\/sou-cakovice.cz\/index.php?rest_route=%2Fwp%2Fv2%2Fmedia&parent=5259"}],"curies":[{"name":"wp","href":"https:\/\/api.w.org\/{rel}","templated":true}]}}