{"id":416,"date":"2017-01-28T04:49:07","date_gmt":"2017-01-28T04:49:07","guid":{"rendered":"\/?page_id=416"},"modified":"2026-01-27T10:24:48","modified_gmt":"2026-01-27T10:24:48","slug":"prijimaci-rizeni-pro-skolni-rok-20152016-2","status":"publish","type":"page","link":"https:\/\/sou-cakovice.cz\/?page_id=416","title":{"rendered":"P\u0159ij\u00edmac\u00ed \u0159\u00edzen\u00ed pro \u0161koln\u00ed rok 2026\/2027"},"content":{"rendered":"<p style=\"text-align: center;\">Krit\u00e9ria p\u0159ij\u00edmac\u00edho \u0159\u00edzen\u00ed do oboru &#8222;Chovatel cizokrajn\u00fdch zv\u00ed\u0159at (41-43-L\/01) <a href=\"\/wp-content\/uploads\/KRITERIA-PRIJIMACIHO-RIZENI-NA-SKOLNI-ROK-2026-CH-final.pdf\" target=\"_blank\" rel=\"noopener\">ZDE<\/a><\/p>\n<p style=\"text-align: center;\">Krit\u00e9ria p\u0159ij\u00edmac\u00edho \u0159\u00edzen\u00ed do oboru &#8222;Gastronomie&#8220; &#8211; \u0160VP &#8222;Gastronomie &#8211; \u010d\u00ed\u0161n\u00edk&#8220; (65-41-L\/01) <a href=\"\/wp-content\/uploads\/KRITERIA-PRIJIMACIHO-RIZENI-NA-SKOLNI-ROK-2026-GC-final.pdf\" target=\"_blank\" rel=\"noopener\">ZDE<\/a><\/p>\n<p style=\"text-align: center;\">Krit\u00e9ria p\u0159ij\u00edmac\u00edho \u0159\u00edzen\u00ed do oboru &#8222;Gastronomie&#8220; &#8211; \u0160VP &#8222;Gastronomie &#8211; kucha\u0159&#8220; (65-41-L\/01) <a href=\"\/wp-content\/uploads\/KRITERIA-PRIJIMACIHO-RIZENI-NA-SKOLNI-ROK-2026-GK-final.pdf\" target=\"_blank\" rel=\"noopener\">ZDE<\/a><\/p>\n<p style=\"text-align: center;\">Krit\u00e9ria p\u0159ij\u00edmac\u00edho \u0159\u00edzen\u00ed do oboru &#8222;Kucha\u0159 &#8211; \u010d\u00ed\u0161n\u00edk&#8220; &#8211; \u0160VP &#8222;Kucha\u0159 &#8211; \u010d\u00ed\u0161n\u00edk&#8220; (65-51-H\/01) <a href=\"\/wp-content\/uploads\/KRITERIA-PRIJIMACIHO-RIZENI-NA-SKOLNI-ROK-2026-KC-final.pdf\" target=\"_blank\" rel=\"noopener\">ZDE<\/a><\/p>\n<p style=\"text-align: center;\">Krit\u00e9ria p\u0159ij\u00edmac\u00edho \u0159\u00edzen\u00ed do oboru &#8222;Kucha\u0159 &#8211; \u010d\u00ed\u0161n\u00edk&#8220; &#8211; \u0160VP &#8222;Kucha\u0159&#8220; (65-51-H\/01) <a href=\"\/wp-content\/uploads\/KRITERIA-PRIJIMACIHO-RIZENI-NA-SKOLNI-ROK-2026-K-final.pdf\" target=\"_blank\" rel=\"noopener\">ZDE<\/a><\/p>\n<p style=\"text-align: center;\">Krit\u00e9ria p\u0159ij\u00edmac\u00edho \u0159\u00edzen\u00ed do oboru &#8222;Pr\u00e1ce ve stravov\u00e1n\u00ed&#8220; (65- 51- E\/02) <a href=\"\/wp-content\/uploads\/KRITERIA-PRIJIMACIHO-RIZENI-NA-SKOLNI-ROK-2026-PS-final.pdf\" target=\"_blank\" rel=\"noopener\">ZDE<\/a><\/p>\n<p style=\"text-align: center;\">Krit\u00e9ria p\u0159ij\u00edmac\u00edho \u0159\u00edzen\u00ed do oboru &#8222;Podnik\u00e1n\u00ed&#8220;\u00a0 (64-41-L\/51) <a href=\"\/wp-content\/uploads\/KRITERIA-PRIJIMACIHO-RIZENI-NA-SKOLNI-ROK-2026-NP-final.pdf\" target=\"_blank\" rel=\"noopener\">ZDE<\/a><\/p>\n<hr \/>\n<p style=\"text-align: center;\">P\u0159edpokl\u00e1dan\u00fd po\u010det t\u0159\u00edd a \u017e\u00e1k\u016f 1. ro\u010dn\u00edk\u016f ve \u0161koln\u00edm roce 2026\/2027 <a href=\"\/wp-content\/uploads\/MHMP_Hlavickovy-papir_obecny_pracoviste-Jungmannova7D792A5.pdf\" target=\"_blank\" rel=\"noopener\">ZDE<\/a><\/p>\n<hr \/>\n<p style=\"text-align: center;\"><strong><span style=\"color: #800000;\">D\u016fle\u017eit\u00e9 informace:<\/span><\/strong><\/p>\n<p style=\"text-align: center;\">D\u016frazn\u011b doporu\u010dujeme podat p\u0159ihl\u00e1\u0161ku on-line prost\u0159ednictv\u00edm syst\u00e9mu DIPSY: <a href=\"http:\/\/www.dipsy.cz\" target=\"_blank\" rel=\"noopener\">http:\/\/www.dipsy.cz<\/a> .<\/p>\n<p style=\"text-align: center;\">Ve\u0161ker\u00e9 dokumenty k p\u0159ij\u00edmac\u00edmu \u0159\u00edzen\u00ed naleznete <a href=\"https:\/\/www.prihlaskynastredni.cz\/rodice-zaci.php\">ZDE<\/a>.<\/p>\n<p style=\"text-align: center;\">Informace k p\u0159ij\u00edmac\u00edmu \u0159\u00edzen\u00ed <a href=\"https:\/\/www.prihlaskynastredni.cz\/\" target=\"_blank\" rel=\"noopener\">ZDE<\/a> .<\/p>\n\n\n<p><\/p>\n","protected":false},"excerpt":{"rendered":"<p>Krit\u00e9ria p\u0159ij\u00edmac\u00edho \u0159\u00edzen\u00ed do oboru &#8222;Chovatel cizokrajn\u00fdch zv\u00ed\u0159at (41-43-L\/01) ZDE Krit\u00e9ria p\u0159ij\u00edmac\u00edho \u0159\u00edzen\u00ed do oboru &#8222;Gastronomie&#8220; &#8211; \u0160VP &#8222;Gastronomie &#8211; \u010d\u00ed\u0161n\u00edk&#8220; (65-41-L\/01) ZDE Krit\u00e9ria p\u0159ij\u00edmac\u00edho \u0159\u00edzen\u00ed do oboru &#8222;Gastronomie&#8220; &#8211; \u0160VP &#8222;Gastronomie &#8211; kucha\u0159&#8220; (65-41-L\/01) ZDE Krit\u00e9ria p\u0159ij\u00edmac\u00edho \u0159\u00edzen\u00ed do oboru &#8222;Kucha\u0159 &#8211; \u010d\u00ed\u0161n\u00edk&#8220; &#8211; \u0160VP &#8222;Kucha\u0159 &#8211; \u010d\u00ed\u0161n\u00edk&#8220; (65-51-H\/01) ZDE Krit\u00e9ria p\u0159ij\u00edmac\u00edho \u0159\u00edzen\u00ed do [&hellip;]<\/p>\n","protected":false},"author":2,"featured_media":0,"parent":0,"menu_order":18,"comment_status":"open","ping_status":"open","template":"","meta":{"_mc_calendar":[],"footnotes":""},"class_list":["post-416","page","type-page","status-publish","hentry"],"acf":[],"_links":{"self":[{"href":"https:\/\/sou-cakovice.cz\/index.php?rest_route=\/wp\/v2\/pages\/416","targetHints":{"allow":["GET"]}}],"collection":[{"href":"https:\/\/sou-cakovice.cz\/index.php?rest_route=\/wp\/v2\/pages"}],"about":[{"href":"https:\/\/sou-cakovice.cz\/index.php?rest_route=\/wp\/v2\/types\/page"}],"author":[{"embeddable":true,"href":"https:\/\/sou-cakovice.cz\/index.php?rest_route=\/wp\/v2\/users\/2"}],"replies":[{"embeddable":true,"href":"https:\/\/sou-cakovice.cz\/index.php?rest_route=%2Fwp%2Fv2%2Fcomments&post=416"}],"version-history":[{"count":183,"href":"https:\/\/sou-cakovice.cz\/index.php?rest_route=\/wp\/v2\/pages\/416\/revisions"}],"predecessor-version":[{"id":7278,"href":"https:\/\/sou-cakovice.cz\/index.php?rest_route=\/wp\/v2\/pages\/416\/revisions\/7278"}],"wp:attachment":[{"href":"https:\/\/sou-cakovice.cz\/index.php?rest_route=%2Fwp%2Fv2%2Fmedia&parent=416"}],"curies":[{"name":"wp","href":"https:\/\/api.w.org\/{rel}","templated":true}]}}