{"id":355,"date":"2015-07-08T10:44:29","date_gmt":"2015-07-08T10:44:29","guid":{"rendered":"\/?page_id=355"},"modified":"2026-04-01T10:49:18","modified_gmt":"2026-04-01T10:49:18","slug":"maturitni-zkousky-3","status":"publish","type":"page","link":"https:\/\/sou-cakovice.cz\/?page_id=355","title":{"rendered":"Maturitn\u00ed zkou\u0161ky"},"content":{"rendered":"<div class=\"flex max-w-full flex-col grow\">\n<div class=\"min-h-8 text-message relative flex w-full flex-col items-end gap-2 text-start break-words whitespace-normal [.text-message+&amp;]:mt-1\" dir=\"auto\" data-message-author-role=\"assistant\" data-message-id=\"9d8b4e37-c26f-4533-96cd-b1eb3ae619c3\" data-message-model-slug=\"gpt-5\">\n<div class=\"flex w-full flex-col gap-1 empty:hidden first:pt-[1px]\">\n<div class=\"markdown prose dark:prose-invert w-full break-words light markdown-new-styling\">\n<p style=\"text-align: center;\"><strong><span style=\"color: #ff0000;\">Harmonogram maturitn\u00edch zkou\u0161ek ve \u0161koln\u00edm roce 2025\/2026<\/span><\/strong> <a href=\"\/wp-content\/uploads\/HARMONOGRAM-MATURITNICH-ZKOUSEK-2025.pdf\" target=\"_blank\" rel=\"noopener\">ZDE<\/a><\/p>\n<hr \/>\n<p style=\"text-align: center;\">Formul\u00e1\u0159 &#8211; \u017e\u00e1kovsk\u00fd seznam maturitn\u00ed \u010detby k \u00fastn\u00ed maturitn\u00ed zkou\u0161ce z \u010desk\u00e9ho jazyka <strong><a href=\"\/wp-content\/uploads\/Formular-seznam-maturitni-cetby.docx\" target=\"_blank\" rel=\"noopener\">ZDE<\/a><\/strong><\/p>\n<hr \/>\n<p style=\"text-align: center;\">Formul\u00e1\u0159 &#8211;\u00a0 \u017e\u00e1kovsk\u00fd seznam maturitn\u00ed \u010detby k \u00fastn\u00ed maturitn\u00ed zkou\u0161ce z \u010desk\u00e9ho jazyka (vzor) <strong><a href=\"\/wp-content\/uploads\/Formular-seznam-cetby-vzor-pro-vyplneni.pdf\" target=\"_blank\" rel=\"noopener\">ZDE<\/a><\/strong><\/p>\n<hr \/>\n<p style=\"text-align: center;\">Pokyn \u0159editelky \u010d. 7\/2025 k nahrazen\u00ed profilov\u00e9 zkou\u0161ka z anglick\u00e9ho jazyka jazykov\u00fdm certifik\u00e1tem\u00a0 <a href=\"\/wp-content\/uploads\/pokyn-reditelky-7_2026-hodnoceni-profilu-AJ-nahrazeni.pdf\" target=\"_blank\" rel=\"noopener\">ZDE<\/a><\/p>\n<hr \/>\n<p style=\"text-align: center;\" data-start=\"0\" data-end=\"276\" data-is-last-node=\"\" data-is-only-node=\"\">Okruhy k profilov\u00e9 maturitn\u00ed zkou\u0161ce &#8222;Teoretick\u00e1 zkou\u0161ka z odborn\u00fdch p\u0159edm\u011bt\u016f&#8220; &#8211; t\u0159\u00edda NP2 <a href=\"\/wp-content\/uploads\/Maturitni-temata-NP2-TZOP-web.pdf\" target=\"_blank\" rel=\"noopener\">ZDE<\/a><\/p>\n<hr \/>\n<p style=\"text-align: center;\" data-start=\"0\" data-end=\"276\" data-is-last-node=\"\" data-is-only-node=\"\">Okruhy k profilov\u00e9 maturitn\u00ed zkou\u0161ce &#8222;Teoretick\u00e1 zkou\u0161ka z odborn\u00fdch p\u0159edm\u011bt\u016f&#8220; &#8211; t\u0159\u00edda SK\u010c4 (\u0160VP Kucha\u0159) <a href=\"\/wp-content\/uploads\/Nove-maturitni-otazky-Kuchar-2026-na-WEB.pdf\" target=\"_blank\" rel=\"noopener\">ZDE<\/a><\/p>\n<hr \/>\n<p style=\"text-align: center;\" data-start=\"0\" data-end=\"276\" data-is-last-node=\"\" data-is-only-node=\"\">Okruhy k profilov\u00e9 maturitn\u00ed zkou\u0161ce &#8222;Teoretick\u00e1 zkou\u0161ka z odborn\u00fdch p\u0159edm\u011bt\u016f&#8220; &#8211; t\u0159\u00edda SK\u010c4 (\u0160VP \u010c\u00ed\u0161n\u00edk) <a href=\"\/wp-content\/uploads\/Nove-maturitni-otazky-cisnik-2026-na-web.pdf\" target=\"_blank\" rel=\"noopener\">ZDE<\/a><\/p>\n<hr \/>\n<p style=\"text-align: center;\" data-start=\"0\" data-end=\"276\" data-is-last-node=\"\" data-is-only-node=\"\">Okruhy k profilov\u00e9 maturitn\u00ed zkou\u0161ce &#8222;\u00dastn\u00ed zkou\u0161ka z anglick\u00e9ho jazyka&#8220; &#8211; t\u0159\u00eddy CH4, SK\u010c4, NP2 <a href=\"\/wp-content\/uploads\/2025_206Anj-speaking-Maturita.pdf\" target=\"_blank\" rel=\"noopener\">ZDE<\/a><\/p>\n<hr \/>\n<p style=\"text-align: center;\" data-start=\"0\" data-end=\"276\" data-is-last-node=\"\" data-is-only-node=\"\">Okruhy k profilov\u00e9 maturitn\u00ed zkou\u0161ce &#8222;Praktick\u00e1 zkou\u0161ka z odborn\u00e9ho v\u00fdcviku&#8220; &#8211; t\u0159\u00edda CH4 <a href=\"\/wp-content\/uploads\/PZOV-CH-zadani.pdf\" target=\"_blank\" rel=\"noopener\">ZDE<\/a><\/p>\n<hr \/>\n<p style=\"text-align: center;\" data-start=\"0\" data-end=\"276\" data-is-last-node=\"\" data-is-only-node=\"\">Okruhy k profilov\u00e9 maturitn\u00ed zkou\u0161ce &#8222;Teoretick\u00e1 zkou\u0161ka z odborn\u00fdch p\u0159edm\u011bt\u016f&#8220; &#8211; t\u0159\u00edda CH4 <a href=\"\/wp-content\/uploads\/CH-TZOP-OTAZKY.pdf\" target=\"_blank\" rel=\"noopener\">ZDE<\/a><\/p>\n<\/div>\n<\/div>\n<\/div>\n<\/div>\n<div class=\"z-0 flex min-h-[46px] justify-start\"><hr \/><\/div>\n<p style=\"text-align: center;\">Stanoven\u00ed zkou\u0161ek profilov\u00e9 \u010d\u00e1sti maturitn\u00ed zkou\u0161ky pro \u0161koln\u00ed rok 2025\/2026 <a href=\"\/wp-content\/uploads\/Stanoveni-zkousek-profilove-casti-maturitni-zkousky-pro-zkusebni-termin-4.pdf\" target=\"_blank\" rel=\"noopener\">ZDE<\/a><\/p>\n<hr \/>\n<p style=\"text-align: center;\">Stanoven\u00ed nepovinn\u00fdch zkou\u0161ek profilov\u00e9 \u010d\u00e1sti maturitn\u00ed zkou\u0161ky pro \u0161koln\u00ed rok 2025\/2026 <a href=\"\/wp-content\/uploads\/Stanoveni-zkousek-Nepovinnych-profilove-casti-maturitni-zkousky-pro-zkusebni-termin-4.pdf\" target=\"_blank\" rel=\"noopener\">ZDE<\/a><\/p>\n<hr \/>\n<p style=\"text-align: center;\">Seznam liter\u00e1rn\u00edch d\u011bl k profilov\u00e9 \u010d\u00e1sti maturitn\u00ed zkou\u0161ky z \u010desk\u00e9ho jazyka a literatury<br \/>platn\u00fd od \u0161koln\u00edho roku 2025\/2026 pro 2. a vy\u0161\u0161\u00ed ro\u010dn\u00edky<\/p>\n<p style=\"text-align: center;\"><a href=\"\/wp-content\/uploads\/Skolni-seznam-cetby-platny-od-skolniho-roku-2025-2026-pro-2.-a-vyssi-rocniky-1-1.pdf\" target=\"_blank\" rel=\"noopener\">ZDE<\/a><\/p>\n<hr \/>\n<p style=\"text-align: center;\">Seznam liter\u00e1rn\u00edch d\u011bl k profilov\u00e9 \u010d\u00e1sti maturitn\u00ed zkou\u0161ky z \u010desk\u00e9ho jazyka a literatury<br \/>platn\u00fd od \u0161koln\u00edho roku 2025\/2026 pro 1. ro\u010dn\u00edky\u00a0<\/p>\n<p style=\"text-align: center;\"><a href=\"\/wp-content\/uploads\/Skolni-seznam-cetby-platny-od-skolniho-roku-2025-2026-pro-1.-rocniky.pdf\" target=\"_blank\" rel=\"noopener\">ZDE<\/a><\/p>\n\n\n<p><\/p>\n","protected":false},"excerpt":{"rendered":"<p>Harmonogram maturitn\u00edch zkou\u0161ek ve \u0161koln\u00edm roce 2025\/2026 ZDE Formul\u00e1\u0159 &#8211; \u017e\u00e1kovsk\u00fd seznam maturitn\u00ed \u010detby k \u00fastn\u00ed maturitn\u00ed zkou\u0161ce z \u010desk\u00e9ho jazyka ZDE Formul\u00e1\u0159 &#8211;\u00a0 \u017e\u00e1kovsk\u00fd seznam maturitn\u00ed \u010detby k \u00fastn\u00ed maturitn\u00ed zkou\u0161ce z \u010desk\u00e9ho jazyka (vzor) ZDE Pokyn \u0159editelky \u010d. 7\/2025 k nahrazen\u00ed profilov\u00e9 zkou\u0161ka z anglick\u00e9ho jazyka jazykov\u00fdm certifik\u00e1tem\u00a0 ZDE Okruhy k profilov\u00e9 maturitn\u00ed [&hellip;]<\/p>\n","protected":false},"author":2,"featured_media":0,"parent":0,"menu_order":27,"comment_status":"open","ping_status":"open","template":"","meta":{"_mc_calendar":[],"footnotes":""},"class_list":["post-355","page","type-page","status-publish","hentry"],"acf":[],"_links":{"self":[{"href":"https:\/\/sou-cakovice.cz\/index.php?rest_route=\/wp\/v2\/pages\/355","targetHints":{"allow":["GET"]}}],"collection":[{"href":"https:\/\/sou-cakovice.cz\/index.php?rest_route=\/wp\/v2\/pages"}],"about":[{"href":"https:\/\/sou-cakovice.cz\/index.php?rest_route=\/wp\/v2\/types\/page"}],"author":[{"embeddable":true,"href":"https:\/\/sou-cakovice.cz\/index.php?rest_route=\/wp\/v2\/users\/2"}],"replies":[{"embeddable":true,"href":"https:\/\/sou-cakovice.cz\/index.php?rest_route=%2Fwp%2Fv2%2Fcomments&post=355"}],"version-history":[{"count":182,"href":"https:\/\/sou-cakovice.cz\/index.php?rest_route=\/wp\/v2\/pages\/355\/revisions"}],"predecessor-version":[{"id":7320,"href":"https:\/\/sou-cakovice.cz\/index.php?rest_route=\/wp\/v2\/pages\/355\/revisions\/7320"}],"wp:attachment":[{"href":"https:\/\/sou-cakovice.cz\/index.php?rest_route=%2Fwp%2Fv2%2Fmedia&parent=355"}],"curies":[{"name":"wp","href":"https:\/\/api.w.org\/{rel}","templated":true}]}}