{"id":2484,"date":"2018-01-10T10:16:11","date_gmt":"2018-01-10T10:16:11","guid":{"rendered":"http:\/\/www.sou-cakovice.cz\/?page_id=2484"},"modified":"2018-01-17T11:56:21","modified_gmt":"2018-01-17T11:56:21","slug":"skolni-poradenske-pracoviste","status":"publish","type":"page","link":"https:\/\/sou-cakovice.cz\/?page_id=2484","title":{"rendered":"\u0160koln\u00ed poradensk\u00e9 pracovi\u0161t\u011b"},"content":{"rendered":"<p><\/p>\n<p style=\"text-align: center;\"><strong>\u010cinnost \u0161koln\u00edho poradensk\u00e9ho pracovi\u0161t\u011b na na\u0161\u00ed \u0161kole, v souladu se z\u00e1konem \u010d. 561\/2004 Sb. (\u0160kolsk\u00fd z\u00e1kon), v platn\u00e9m zn\u011bn\u00ed, a vyhl\u00e1\u0161kou \u010d. 72\/2005 Sb., o poskytov\u00e1n\u00ed poradensk\u00fdch slu\u017eeb ve \u0161kol\u00e1ch a \u0161kolsk\u00fdch poradensk\u00fdch za\u0159\u00edzen\u00edch, v platn\u00e9m zn\u011bn\u00ed, zaji\u0161\u0165uj\u00ed:<\/strong><\/p>\n<div>\n<p class=\"jmeno_zamestnancu\"><strong>MGR. ANTON\u00cdN ANDERS<\/strong>\u00a0&#8211;\u00a0V\u00ddCHOVN\u00dd PORADCE, \u0160KOLN\u00cd PORADENSK\u00c9 PRACOVI\u0160T\u011a &#8211; \u00daTER\u00dd 16:00 &#8211; 17:00, KRIZOV\u00c1 INTERVENCE DLE POT\u0158EBY<\/p>\n<p class=\"jmeno_zamestnancu\"><strong>E-mail:<\/strong> <em>anders@sou-cakovice.cz<\/em><\/p>\n<p class=\"jmeno_zamestnancu\"><strong>ING. MARTINA JEDLI\u010cKOV\u00c1<\/strong>\u00a0&#8211;\u00a0\u0160KOLN\u00cd PORADENSK\u00c9 PRACOVI\u0160T\u011a &#8211; \u00daTER\u00dd 16:00 &#8211; 17:00, KRIZOV\u00c1 INTERVENCE DLE POT\u0158EBY<\/p>\n<p class=\"jmeno_zamestnancu\"><strong>E-mail:<\/strong> <em>jedlickova@sou-cakovice.cz<\/em><\/p>\n<hr \/>\n<p class=\"jmeno_zamestnancu\">\n<\/div>\n<p>Poradensk\u00e9 slu\u017eby jsou ve \u0161kole zaji\u0161\u0165ov\u00e1ny v rozsahu odpov\u00eddaj\u00edc\u00edm po\u010dtu a vzd\u011bl\u00e1vac\u00edm pot\u0159eb\u00e1m \u017e\u00e1k\u016f \u0161koly a jsou zam\u011b\u0159en\u00e9 zejm\u00e9na na:<\/p>\n<ul>\n<li>poskytov\u00e1n\u00ed podp\u016frn\u00fdch opat\u0159en\u00ed pro \u017e\u00e1ky se speci\u00e1ln\u00edmi vzd\u011bl\u00e1vac\u00edmi pot\u0159ebami,<\/li>\n<li>sledov\u00e1n\u00ed a vyhodnocov\u00e1n\u00ed \u00fa\u010dinnosti zvolen\u00fdch podp\u016frn\u00fdch opat\u0159en\u00ed,<\/li>\n<li>prevenci \u0161koln\u00ed ne\u00fasp\u011b\u0161nosti,<\/li>\n<li>kari\u00e9rov\u00e9 poradenstv\u00ed spojuj\u00edc\u00ed vzd\u011bl\u00e1vac\u00ed, informa\u010dn\u00ed a poradenskou podporu k vhodn\u00e9 volb\u011b vzd\u011bl\u00e1vac\u00ed cesty a pozd\u011bj\u0161\u00edmu profesn\u00edmu uplatn\u011bn\u00ed,<\/li>\n<li>podporu vzd\u011bl\u00e1v\u00e1n\u00ed a soci\u00e1ln\u00edho za\u010dle\u0148ov\u00e1n\u00ed \u017e\u00e1k\u016f z odli\u0161n\u00e9ho kulturn\u00edho prost\u0159ed\u00ed a s odli\u0161n\u00fdmi \u017eivotn\u00edmi podm\u00ednkami,<\/li>\n<li>podporu vzd\u011bl\u00e1v\u00e1n\u00ed \u017e\u00e1k\u016f nadan\u00fdch a mimo\u0159\u00e1dn\u011b nadan\u00fdch,<\/li>\n<li>pr\u016fb\u011b\u017enou a dlouhodobou p\u00e9\u010di o \u017e\u00e1ky s v\u00fdchovn\u00fdmi \u010di vzd\u011bl\u00e1vac\u00edmi obt\u00ed\u017eemi a vytv\u00e1\u0159en\u00ed p\u0159\u00edzniv\u00e9ho soci\u00e1ln\u00edho klimatu pro p\u0159ij\u00edm\u00e1n\u00ed kulturn\u00edch a jin\u00fdch odli\u0161nost\u00ed ve \u0161kole a \u0161kolsk\u00e9m za\u0159\u00edzen\u00ed,<\/li>\n<li>v\u010dasnou intervenci p\u0159i aktu\u00e1ln\u00edch probl\u00e9mech u jednotliv\u00fdch \u017e\u00e1k\u016f a t\u0159\u00eddn\u00edch kolektiv\u016f,<\/li>\n<li>p\u0159edch\u00e1zen\u00ed v\u0161em form\u00e1m rizikov\u00e9ho chov\u00e1n\u00ed v\u010detn\u011b r\u016fzn\u00fdch forem \u0161ikany a diskriminace,<\/li>\n<li>pr\u016fb\u011b\u017en\u00e9 vyhodnocov\u00e1n\u00ed \u00fa\u010dinnosti preventivn\u00edch program\u016f uskute\u010d\u0148ovan\u00fdch \u0161kolou,<\/li>\n<li>metodickou podporu u\u010ditel\u016fm p\u0159i pou\u017eit\u00ed psychologick\u00fdch a speci\u00e1ln\u011b pedagogick\u00fdch postup\u016f ve vzd\u011bl\u00e1vac\u00ed \u010dinnosti \u0161koly,<\/li>\n<li>spolupr\u00e1ci a komunikaci mezi \u0161kolou a z\u00e1konn\u00fdmi z\u00e1stupci,<\/li>\n<li>spolupr\u00e1ci \u0161koly p\u0159i poskytov\u00e1n\u00ed poradensk\u00fdch slu\u017eeb se \u0161kolsk\u00fdmi poradensk\u00fdmi za\u0159\u00edzen\u00edmi,<\/li>\n<li>spolupr\u00e1ci zejm\u00e9na s t\u0159\u00eddn\u00edmi u\u010diteli, u\u010diteli v\u00fdchov, p\u0159\u00edpadn\u011b s dal\u0161\u00edmi pedagogick\u00fdmi pracovn\u00edky \u0161koly.<\/li>\n<\/ul>\n<p><\/p>","protected":false},"excerpt":{"rendered":"<p>\u010cinnost \u0161koln\u00edho poradensk\u00e9ho pracovi\u0161t\u011b na na\u0161\u00ed \u0161kole, v souladu se z\u00e1konem \u010d. 561\/2004 Sb. (\u0160kolsk\u00fd z\u00e1kon), v platn\u00e9m zn\u011bn\u00ed, a vyhl\u00e1\u0161kou \u010d. 72\/2005 Sb., o poskytov\u00e1n\u00ed poradensk\u00fdch slu\u017eeb ve \u0161kol\u00e1ch a \u0161kolsk\u00fdch poradensk\u00fdch za\u0159\u00edzen\u00edch, v platn\u00e9m zn\u011bn\u00ed, zaji\u0161\u0165uj\u00ed: MGR. ANTON\u00cdN ANDERS\u00a0&#8211;\u00a0V\u00ddCHOVN\u00dd PORADCE, \u0160KOLN\u00cd PORADENSK\u00c9 PRACOVI\u0160T\u011a &#8211; \u00daTER\u00dd 16:00 &#8211; 17:00, KRIZOV\u00c1 INTERVENCE DLE POT\u0158EBY E-mail: [&hellip;]<\/p>\n","protected":false},"author":2,"featured_media":0,"parent":0,"menu_order":16,"comment_status":"open","ping_status":"open","template":"","meta":{"_mc_calendar":[],"footnotes":""},"class_list":["post-2484","page","type-page","status-publish","hentry"],"acf":[],"_links":{"self":[{"href":"https:\/\/sou-cakovice.cz\/index.php?rest_route=\/wp\/v2\/pages\/2484","targetHints":{"allow":["GET"]}}],"collection":[{"href":"https:\/\/sou-cakovice.cz\/index.php?rest_route=\/wp\/v2\/pages"}],"about":[{"href":"https:\/\/sou-cakovice.cz\/index.php?rest_route=\/wp\/v2\/types\/page"}],"author":[{"embeddable":true,"href":"https:\/\/sou-cakovice.cz\/index.php?rest_route=\/wp\/v2\/users\/2"}],"replies":[{"embeddable":true,"href":"https:\/\/sou-cakovice.cz\/index.php?rest_route=%2Fwp%2Fv2%2Fcomments&post=2484"}],"version-history":[{"count":12,"href":"https:\/\/sou-cakovice.cz\/index.php?rest_route=\/wp\/v2\/pages\/2484\/revisions"}],"predecessor-version":[{"id":2503,"href":"https:\/\/sou-cakovice.cz\/index.php?rest_route=\/wp\/v2\/pages\/2484\/revisions\/2503"}],"wp:attachment":[{"href":"https:\/\/sou-cakovice.cz\/index.php?rest_route=%2Fwp%2Fv2%2Fmedia&parent=2484"}],"curies":[{"name":"wp","href":"https:\/\/api.w.org\/{rel}","templated":true}]}}