{"id":2,"date":"2015-05-05T07:54:29","date_gmt":"2015-05-05T07:54:29","guid":{"rendered":"http:\/\/www.sou-cakovice.cz\/?page_id=2"},"modified":"2020-05-25T04:56:12","modified_gmt":"2020-05-25T04:56:12","slug":"zkusebni-stranka","status":"publish","type":"page","link":"https:\/\/sou-cakovice.cz\/?page_id=2","title":{"rendered":"Pro \u017e\u00e1ky a rodi\u010de"},"content":{"rendered":"<p><\/p>\n<p style=\"text-align: center;\"><a href=\"\/maturitni-zkousky-3\/\">Maturitn\u00ed zkou\u0161ky<\/a><\/p>\n<p style=\"text-align: center;\"><a href=\"http:\/\/www.sou-cakovice.cz\/zaverecne-zkousky-20152016\/\">Z\u00e1v\u011bre\u010dn\u00e9 zkou\u0161ky<\/a><\/p>\n<p style=\"text-align: center;\"><a href=\"http:\/\/www.sou-cakovice.cz\/skolni-psycholog\/\">\u0160koln\u00ed psycholog<\/a><\/p>\n<p style=\"text-align: center;\"><a href=\"http:\/\/www.sou-cakovice.cz\/organizace-skolniho-roku\/\">Organizace \u0161koln\u00edho roku<\/a><\/p>\n<p style=\"text-align: center;\"><a href=\"http:\/\/www.sou-cakovice.cz\/skolni-poradenske-pracoviste\/\">\u0160koln\u00ed poradensk\u00e9 pracovi\u0161t\u011b<\/a><\/p>\n<p><\/p>","protected":false},"excerpt":{"rendered":"<p>Maturitn\u00ed zkou\u0161ky Z\u00e1v\u011bre\u010dn\u00e9 zkou\u0161ky \u0160koln\u00ed psycholog Organizace \u0161koln\u00edho roku \u0160koln\u00ed poradensk\u00e9 pracovi\u0161t\u011b<\/p>\n","protected":false},"author":3,"featured_media":0,"parent":0,"menu_order":42,"comment_status":"open","ping_status":"open","template":"","meta":{"_mc_calendar":[],"footnotes":""},"class_list":["post-2","page","type-page","status-publish","hentry"],"acf":[],"_links":{"self":[{"href":"https:\/\/sou-cakovice.cz\/index.php?rest_route=\/wp\/v2\/pages\/2","targetHints":{"allow":["GET"]}}],"collection":[{"href":"https:\/\/sou-cakovice.cz\/index.php?rest_route=\/wp\/v2\/pages"}],"about":[{"href":"https:\/\/sou-cakovice.cz\/index.php?rest_route=\/wp\/v2\/types\/page"}],"author":[{"embeddable":true,"href":"https:\/\/sou-cakovice.cz\/index.php?rest_route=\/wp\/v2\/users\/3"}],"replies":[{"embeddable":true,"href":"https:\/\/sou-cakovice.cz\/index.php?rest_route=%2Fwp%2Fv2%2Fcomments&post=2"}],"version-history":[{"count":13,"href":"https:\/\/sou-cakovice.cz\/index.php?rest_route=\/wp\/v2\/pages\/2\/revisions"}],"predecessor-version":[{"id":4588,"href":"https:\/\/sou-cakovice.cz\/index.php?rest_route=\/wp\/v2\/pages\/2\/revisions\/4588"}],"wp:attachment":[{"href":"https:\/\/sou-cakovice.cz\/index.php?rest_route=%2Fwp%2Fv2%2Fmedia&parent=2"}],"curies":[{"name":"wp","href":"https:\/\/api.w.org\/{rel}","templated":true}]}}