{"id":194,"date":"2015-06-24T08:02:46","date_gmt":"2015-06-24T08:02:46","guid":{"rendered":"\/en\/?page_id=194"},"modified":"2017-05-03T13:14:37","modified_gmt":"2017-05-03T13:14:37","slug":"profesni-kvalifikace","status":"publish","type":"page","link":"https:\/\/sou-cakovice.cz\/?page_id=194","title":{"rendered":"Profesn\u00ed kvalifikace"},"content":{"rendered":"<p><\/p>\n<h2 style=\"text-align: center;\">SO\u0160 a SOU, PRAHA &#8211; \u010cAKOVICE NAB\u00cdZ\u00cd<\/h2>\n<p style=\"text-align: center;\">St\u0159edn\u00ed odborn\u00e1 \u0161kola \u00a0a St\u0159edn\u00ed odborn\u00e9 u\u010dili\u0161t\u011b, Praha &#8211; \u010cakovice nab\u00edz\u00ed mo\u017enost vykon\u00e1n\u00ed kvalifika\u010dn\u00ed zkou\u0161ky, dle z\u00e1kona \u010d. 179\/2006 Sb., o ov\u011b\u0159ov\u00e1n\u00ed a uzn\u00e1v\u00e1n\u00ed v\u00fdsledk\u016f dal\u0161\u00edho vzd\u011bl\u00e1v\u00e1n\u00ed a o zm\u011bn\u011b n\u011bkter\u00fdch z\u00e1kon\u016f, vedouc\u00ed k z\u00edsk\u00e1n\u00ed n\u00ed\u017ee uveden\u00fdch<strong>\u00a0profesn\u00edch kvalifikac\u00ed:<\/strong><\/p>\n<p style=\"text-align: center;\"><strong>65-008-H Slo\u017eit\u00e1 obsluha host\u016f<\/strong><br \/>\n<strong>65-002-H P\u0159\u00edprava pokrm\u016f studen\u00e9 kuchyn\u011b<\/strong><br \/>\n<strong>65-004-H P\u0159\u00edprava minutek<\/strong><br \/>\n<strong>65-001-H P\u0159\u00edprava tepl\u00fdch pokrm\u016f<\/strong><\/p>\n<p style=\"text-align: center;\">Klasifika\u010dn\u00ed a hodnot\u00edc\u00ed standardy naleznete na <a href=\"http:\/\/www.narodnikvalifikace.cz\" target=\"_blank\">www.narodnikvalifikace.cz<\/a> .<\/p>\n<p style=\"text-align: center;\"><a href=\"\/wp-content\/uploads\/P\u0159ihl\u00e1\u0161ka-ke-zkou\u0161ce_final.docx\" target=\"_blank\">P\u0159ihl\u00e1\u0161ka ke zkou\u0161ce ke sta\u017een\u00ed<\/a><\/p>\n<p style=\"text-align: center;\">V\u00edce informac\u00ed na sekretari\u00e1tu \u0161koly.<\/p>\n<p><\/p>","protected":false},"excerpt":{"rendered":"<p>SO\u0160 a SOU, PRAHA &#8211; \u010cAKOVICE NAB\u00cdZ\u00cd St\u0159edn\u00ed odborn\u00e1 \u0161kola \u00a0a St\u0159edn\u00ed odborn\u00e9 u\u010dili\u0161t\u011b, Praha &#8211; \u010cakovice nab\u00edz\u00ed mo\u017enost vykon\u00e1n\u00ed kvalifika\u010dn\u00ed zkou\u0161ky, dle z\u00e1kona \u010d. 179\/2006 Sb., o ov\u011b\u0159ov\u00e1n\u00ed a uzn\u00e1v\u00e1n\u00ed v\u00fdsledk\u016f dal\u0161\u00edho vzd\u011bl\u00e1v\u00e1n\u00ed a o zm\u011bn\u011b n\u011bkter\u00fdch z\u00e1kon\u016f, vedouc\u00ed k z\u00edsk\u00e1n\u00ed n\u00ed\u017ee uveden\u00fdch\u00a0profesn\u00edch kvalifikac\u00ed: 65-008-H Slo\u017eit\u00e1 obsluha host\u016f 65-002-H P\u0159\u00edprava pokrm\u016f studen\u00e9 kuchyn\u011b 65-004-H [&hellip;]<\/p>\n","protected":false},"author":3,"featured_media":0,"parent":0,"menu_order":29,"comment_status":"open","ping_status":"open","template":"","meta":{"_mc_calendar":[],"footnotes":""},"class_list":["post-194","page","type-page","status-publish","hentry"],"acf":[],"_links":{"self":[{"href":"https:\/\/sou-cakovice.cz\/index.php?rest_route=\/wp\/v2\/pages\/194","targetHints":{"allow":["GET"]}}],"collection":[{"href":"https:\/\/sou-cakovice.cz\/index.php?rest_route=\/wp\/v2\/pages"}],"about":[{"href":"https:\/\/sou-cakovice.cz\/index.php?rest_route=\/wp\/v2\/types\/page"}],"author":[{"embeddable":true,"href":"https:\/\/sou-cakovice.cz\/index.php?rest_route=\/wp\/v2\/users\/3"}],"replies":[{"embeddable":true,"href":"https:\/\/sou-cakovice.cz\/index.php?rest_route=%2Fwp%2Fv2%2Fcomments&post=194"}],"version-history":[{"count":9,"href":"https:\/\/sou-cakovice.cz\/index.php?rest_route=\/wp\/v2\/pages\/194\/revisions"}],"predecessor-version":[{"id":1916,"href":"https:\/\/sou-cakovice.cz\/index.php?rest_route=\/wp\/v2\/pages\/194\/revisions\/1916"}],"wp:attachment":[{"href":"https:\/\/sou-cakovice.cz\/index.php?rest_route=%2Fwp%2Fv2%2Fmedia&parent=194"}],"curies":[{"name":"wp","href":"https:\/\/api.w.org\/{rel}","templated":true}]}}