{"id":19,"date":"2015-11-05T09:03:58","date_gmt":"2015-11-05T09:03:58","guid":{"rendered":"http:\/\/www.sou-cakovice.cz\/?page_id=19"},"modified":"2025-09-11T09:29:35","modified_gmt":"2025-09-11T09:29:35","slug":"o-skole","status":"publish","type":"page","link":"https:\/\/sou-cakovice.cz\/?page_id=19","title":{"rendered":"Povinn\u011b zve\u0159ej\u0148ovan\u00e9 informace"},"content":{"rendered":"<p style=\"text-align: center;\"><a href=\"\/wp-content\/uploads\/Oznameni-o-pristupnosti.pdf\" target=\"_blank\" rel=\"noopener\">Prohl\u00e1\u0161en\u00ed o p\u0159\u00edstupnosti webu<\/a><\/p>\n<hr \/>\n<p style=\"text-align: center;\"><a href=\"\/wp-content\/uploads\/Vzorov\u00fd-dokument-k-vypln\u011bn\u00ed-a-zve\u0159ejn\u011bn\u00ed-U\u017d\u0160\u00cd.pdf\" target=\"_blank\" rel=\"noopener\"><span style=\"color: #800000;\">Povinn\u011b zve\u0159ej\u0148ovan\u00e9 informace dle z\u00e1kona \u010d. 106\/1999 Sb.<\/span><\/a><\/p>\n<hr \/>\n<p style=\"text-align: center;\"><span style=\"color: #ff0000;\"><strong>\u0160KOLA JE MONITOROV\u00c1NA KAMEROV\u00ddM SYST\u00c9MEM SE Z\u00c1ZNAMEM<\/strong><\/span><\/p>\n<hr \/>\n<p style=\"text-align: center;\">Informace o zpracov\u00e1n\u00ed osobn\u00edch \u00fadaj\u016f v souvislosti se zaveden\u00edm GDPR\u00a0<a href=\"\/wp-content\/uploads\/Informace-ke-zpracov\u00e1n\u00ed-osobn\u00edch-\u00fadaj\u016f-NOV\u00c9.pdf\" target=\"_blank\" rel=\"noopener\">ZDE<\/a><\/p>\n<hr \/>\n<p style=\"text-align: center;\"><a href=\"\/wp-content\/uploads\/VZ-2023-24-bez-priloh.pdf\" target=\"_blank\" rel=\"noopener\">V\u00fdro\u010dn\u00ed zpr\u00e1va za \u0161koln\u00ed rok 2023\/2024<\/a><\/p>\n<p style=\"text-align: center;\"><a href=\"\/wp-content\/uploads\/Vyrocni-zprava-2022-2023.pdf\" target=\"_blank\" rel=\"noopener\">V\u00fdro\u010dn\u00ed zpr\u00e1va za \u0161koln\u00ed rok 2022\/2023<\/a><\/p>\n<p style=\"text-align: center;\"><a href=\"\/wp-content\/uploads\/VZ-2021-22-bez-priloh.pdf\" target=\"_blank\" rel=\"noopener\">V\u00fdro\u010dn\u00ed zpr\u00e1va za \u0161koln\u00ed rok 2021\/2022<\/a><\/p>\n<p style=\"text-align: center;\"><a href=\"\/wp-content\/uploads\/71f65be45e124f9497839aad1708078a_1_IZ_SO\u0160_SOU_\u010cakovice_v.-r..pdf\" target=\"_blank\" rel=\"noopener\">Inspek\u010dn\u00ed zpr\u00e1va 2021<\/a><\/p>\n<p style=\"text-align: center;\"><a href=\"\/wp-content\/uploads\/2015\/05\/csi_2012.pdf\">Inspek\u010dn\u00ed zpr\u00e1va 2012<\/a><\/p>\n<p style=\"text-align: center;\">\n","protected":false},"excerpt":{"rendered":"<p>Prohl\u00e1\u0161en\u00ed o p\u0159\u00edstupnosti webu Povinn\u011b zve\u0159ej\u0148ovan\u00e9 informace dle z\u00e1kona \u010d. 106\/1999 Sb. \u0160KOLA JE MONITOROV\u00c1NA KAMEROV\u00ddM SYST\u00c9MEM SE Z\u00c1ZNAMEM Informace o zpracov\u00e1n\u00ed osobn\u00edch \u00fadaj\u016f v souvislosti se zaveden\u00edm GDPR\u00a0ZDE V\u00fdro\u010dn\u00ed zpr\u00e1va za \u0161koln\u00ed rok 2023\/2024 V\u00fdro\u010dn\u00ed zpr\u00e1va za \u0161koln\u00ed rok 2022\/2023 V\u00fdro\u010dn\u00ed zpr\u00e1va za \u0161koln\u00ed rok 2021\/2022 Inspek\u010dn\u00ed zpr\u00e1va 2021 Inspek\u010dn\u00ed zpr\u00e1va 2012<\/p>\n","protected":false},"author":3,"featured_media":0,"parent":0,"menu_order":24,"comment_status":"open","ping_status":"open","template":"","meta":{"_mc_calendar":[],"footnotes":""},"class_list":["post-19","page","type-page","status-publish","hentry"],"acf":[],"_links":{"self":[{"href":"https:\/\/sou-cakovice.cz\/index.php?rest_route=\/wp\/v2\/pages\/19","targetHints":{"allow":["GET"]}}],"collection":[{"href":"https:\/\/sou-cakovice.cz\/index.php?rest_route=\/wp\/v2\/pages"}],"about":[{"href":"https:\/\/sou-cakovice.cz\/index.php?rest_route=\/wp\/v2\/types\/page"}],"author":[{"embeddable":true,"href":"https:\/\/sou-cakovice.cz\/index.php?rest_route=\/wp\/v2\/users\/3"}],"replies":[{"embeddable":true,"href":"https:\/\/sou-cakovice.cz\/index.php?rest_route=%2Fwp%2Fv2%2Fcomments&post=19"}],"version-history":[{"count":70,"href":"https:\/\/sou-cakovice.cz\/index.php?rest_route=\/wp\/v2\/pages\/19\/revisions"}],"predecessor-version":[{"id":7157,"href":"https:\/\/sou-cakovice.cz\/index.php?rest_route=\/wp\/v2\/pages\/19\/revisions\/7157"}],"wp:attachment":[{"href":"https:\/\/sou-cakovice.cz\/index.php?rest_route=%2Fwp%2Fv2%2Fmedia&parent=19"}],"curies":[{"name":"wp","href":"https:\/\/api.w.org\/{rel}","templated":true}]}}