{"id":132,"date":"2015-05-11T15:41:45","date_gmt":"2015-05-11T15:41:45","guid":{"rendered":"\/?page_id=132"},"modified":"2026-02-19T08:48:07","modified_gmt":"2026-02-19T08:48:07","slug":"dokumenty-ke-stazeni","status":"publish","type":"page","link":"https:\/\/sou-cakovice.cz\/?page_id=132","title":{"rendered":"Dokumenty ke sta\u017een\u00ed"},"content":{"rendered":"<p style=\"text-align: center;\"><a href=\"\/wp-content\/uploads\/Skolni-rad-od-1.-9.-2023-k-tisku.pdf\" target=\"_blank\" rel=\"noopener\">\u0160koln\u00ed \u0159\u00e1d platn\u00fd od 1. 9. 2023<\/a><\/p>\n<hr \/>\n<p style=\"text-align: center;\">\n<p>&nbsp;<\/p>\n<p style=\"text-align: center;\"><span style=\"text-decoration: underline;\"><strong>Formul\u00e1\u0159e \u017e\u00e1dost\u00ed a ozn\u00e1men\u00ed<\/strong><\/span><\/p>\n<p style=\"text-align: center;\"><a href=\"\/wp-content\/uploads\/\u017e\u00e1dost-o-zm\u011bnu-oboru.docx\" target=\"_blank\" rel=\"noopener\">\u017d\u00e1dost o zm\u011bnu oboru<\/a><\/p>\n<p style=\"text-align: center;\"><a href=\"\/wp-content\/uploads\/\u017e\u00e1dost-o-p\u0159estup.doc\" target=\"_blank\" rel=\"noopener\">\u017d\u00e1dost o p\u0159estup z jin\u00e9 \u0161koly<\/a><\/p>\n<p style=\"text-align: center;\"><a href=\"\/wp-content\/uploads\/\u017e\u00e1dost-o-p\u0159eru\u0161en\u00ed-studia.docx\" target=\"_blank\" rel=\"noopener\">\u017d\u00e1dost o p\u0159eru\u0161en\u00ed studia<\/a><\/p>\n<p style=\"text-align: center;\"><a href=\"\/wp-content\/uploads\/\u017e\u00e1dost-o-opakov\u00e1n\u00ed-ro\u010dn\u00edku.docx\" target=\"_blank\" rel=\"noopener\">\u017d\u00e1dost o opakov\u00e1n\u00ed ro\u010dn\u00edku<\/a><\/p>\n<p style=\"text-align: center;\"><a href=\"\/wp-content\/uploads\/ozn\u00e1men\u00ed-o-ukon\u010den\u00ed-studia.docx\" target=\"_blank\" rel=\"noopener\">Ozn\u00e1men\u00ed o ukon\u010den\u00ed studia<\/a><\/p>\n<p style=\"text-align: center;\"><strong><span style=\"text-decoration: underline;\">R\u016fzn\u00e9<\/span><\/strong><\/p>\n<p style=\"text-align: center;\"><a href=\"\/wp-content\/uploads\/bezinfekcnost-1.pdf\" target=\"_blank\" rel=\"noopener\">Bezinfek\u010dnost<\/a><\/p>\n","protected":false},"excerpt":{"rendered":"<p>\u0160koln\u00ed \u0159\u00e1d platn\u00fd od 1. 9. 2023 &nbsp; Formul\u00e1\u0159e \u017e\u00e1dost\u00ed a ozn\u00e1men\u00ed \u017d\u00e1dost o zm\u011bnu oboru \u017d\u00e1dost o p\u0159estup z jin\u00e9 \u0161koly \u017d\u00e1dost o p\u0159eru\u0161en\u00ed studia \u017d\u00e1dost o opakov\u00e1n\u00ed ro\u010dn\u00edku Ozn\u00e1men\u00ed o ukon\u010den\u00ed studia R\u016fzn\u00e9 Bezinfek\u010dnost<\/p>\n","protected":false},"author":3,"featured_media":0,"parent":0,"menu_order":31,"comment_status":"open","ping_status":"open","template":"","meta":{"_mc_calendar":[],"footnotes":""},"class_list":["post-132","page","type-page","status-publish","hentry"],"acf":[],"_links":{"self":[{"href":"https:\/\/sou-cakovice.cz\/index.php?rest_route=\/wp\/v2\/pages\/132","targetHints":{"allow":["GET"]}}],"collection":[{"href":"https:\/\/sou-cakovice.cz\/index.php?rest_route=\/wp\/v2\/pages"}],"about":[{"href":"https:\/\/sou-cakovice.cz\/index.php?rest_route=\/wp\/v2\/types\/page"}],"author":[{"embeddable":true,"href":"https:\/\/sou-cakovice.cz\/index.php?rest_route=\/wp\/v2\/users\/3"}],"replies":[{"embeddable":true,"href":"https:\/\/sou-cakovice.cz\/index.php?rest_route=%2Fwp%2Fv2%2Fcomments&post=132"}],"version-history":[{"count":42,"href":"https:\/\/sou-cakovice.cz\/index.php?rest_route=\/wp\/v2\/pages\/132\/revisions"}],"predecessor-version":[{"id":7295,"href":"https:\/\/sou-cakovice.cz\/index.php?rest_route=\/wp\/v2\/pages\/132\/revisions\/7295"}],"wp:attachment":[{"href":"https:\/\/sou-cakovice.cz\/index.php?rest_route=%2Fwp%2Fv2%2Fmedia&parent=132"}],"curies":[{"name":"wp","href":"https:\/\/api.w.org\/{rel}","templated":true}]}}