{"id":130,"date":"2015-05-11T15:41:16","date_gmt":"2015-05-11T15:41:16","guid":{"rendered":"\/?page_id=130"},"modified":"2025-09-16T09:42:53","modified_gmt":"2025-09-16T09:42:53","slug":"volna-mista","status":"publish","type":"page","link":"https:\/\/sou-cakovice.cz\/?page_id=130","title":{"rendered":"Voln\u00e1 pracovn\u00ed m\u00edsta"},"content":{"rendered":"<p style=\"text-align: center;\"><strong>SO\u0160 a SOU, Praha &#8211; \u010cakovice p\u0159ijme:<\/strong><\/p>\n<p style=\"text-align: center;\">u\u010ditele odborn\u00fdch gastronomick\u00fdch p\u0159edm\u011bt\u016f<\/p>\n<p style=\"text-align: center;\"><strong>N\u00e1stup ihned<\/strong><\/p>\n","protected":false},"excerpt":{"rendered":"<p>SO\u0160 a SOU, Praha &#8211; \u010cakovice p\u0159ijme: u\u010ditele odborn\u00fdch gastronomick\u00fdch p\u0159edm\u011bt\u016f N\u00e1stup ihned<\/p>\n","protected":false},"author":3,"featured_media":0,"parent":0,"menu_order":32,"comment_status":"open","ping_status":"open","template":"","meta":{"_mc_calendar":[],"footnotes":""},"class_list":["post-130","page","type-page","status-publish","hentry"],"acf":[],"_links":{"self":[{"href":"https:\/\/sou-cakovice.cz\/index.php?rest_route=\/wp\/v2\/pages\/130","targetHints":{"allow":["GET"]}}],"collection":[{"href":"https:\/\/sou-cakovice.cz\/index.php?rest_route=\/wp\/v2\/pages"}],"about":[{"href":"https:\/\/sou-cakovice.cz\/index.php?rest_route=\/wp\/v2\/types\/page"}],"author":[{"embeddable":true,"href":"https:\/\/sou-cakovice.cz\/index.php?rest_route=\/wp\/v2\/users\/3"}],"replies":[{"embeddable":true,"href":"https:\/\/sou-cakovice.cz\/index.php?rest_route=%2Fwp%2Fv2%2Fcomments&post=130"}],"version-history":[{"count":35,"href":"https:\/\/sou-cakovice.cz\/index.php?rest_route=\/wp\/v2\/pages\/130\/revisions"}],"predecessor-version":[{"id":7170,"href":"https:\/\/sou-cakovice.cz\/index.php?rest_route=\/wp\/v2\/pages\/130\/revisions\/7170"}],"wp:attachment":[{"href":"https:\/\/sou-cakovice.cz\/index.php?rest_route=%2Fwp%2Fv2%2Fmedia&parent=130"}],"curies":[{"name":"wp","href":"https:\/\/api.w.org\/{rel}","templated":true}]}}