{"id":13,"date":"2015-05-05T09:03:43","date_gmt":"2015-05-05T09:03:43","guid":{"rendered":"http:\/\/www.sou-cakovice.cz\/?page_id=13"},"modified":"2026-04-13T14:53:14","modified_gmt":"2026-04-13T14:53:14","slug":"jidelnicek","status":"publish","type":"page","link":"https:\/\/sou-cakovice.cz\/?page_id=13","title":{"rendered":"Stravov\u00e1n\u00ed"},"content":{"rendered":"<p style=\"text-align: center;\">J\u00eddeln\u00ed l\u00edstek 27. 4. &#8211; 30. 4. 2026 <a href=\"\/wp-content\/uploads\/Jidelni-listek-od-27.-4.-2026-do-30.-4.-2026.pdf\" target=\"_blank\" rel=\"noopener\">ZDE<\/a><\/p>\n<p style=\"text-align: center;\">J\u00eddeln\u00ed l\u00edstek 20. 4. &#8211; 24. 4. 2026 <a href=\"\/wp-content\/uploads\/Jidelni-listek-od-20.-4.-2026-do-24.-4.-2026.pdf\" target=\"_blank\" rel=\"noopener\">ZDE<\/a><\/p>\n<p style=\"text-align: center;\">J\u00eddeln\u00ed l\u00edstek 13. 4. &#8211; 17. 4. 2026 <a href=\"\/wp-content\/uploads\/Jidelni-listek-od-13.-4.-2026-do-17.-4.-2026.pdf\" target=\"_blank\" rel=\"noopener\">ZDE<\/a><\/p>\n<hr \/>\n<p style=\"text-align: center;\"><a href=\"\/wp-content\/uploads\/Stravnici-CIP-zmeneno-na-stredni.jpeg\" rel=\"noopener\"><img loading=\"lazy\" decoding=\"async\" class=\"alignnone wp-image-7158 size-medium\" src=\"\/wp-content\/uploads\/Stravnici-CIP-zmeneno-na-stredni-200x300.jpeg\" alt=\"\" width=\"200\" height=\"300\" srcset=\"\/wp-content\/uploads\/Stravnici-CIP-zmeneno-na-stredni-200x300.jpeg 200w, \/wp-content\/uploads\/Stravnici-CIP-zmeneno-na-stredni.jpeg 600w\" sizes=\"auto, (max-width: 200px) 100vw, 200px\" \/><\/a><\/p>\n<hr \/>\n<p style=\"text-align: center;\"><a href=\"https:\/\/skola.sou-cakovice.cz:8443\" target=\"_blank\" rel=\"noopener\"><img loading=\"lazy\" decoding=\"async\" class=\"aligncenter wp-image-2101 size-medium\" src=\"\/wp-content\/uploads\/obed-300x199.jpg\" alt=\"obed\" width=\"300\" height=\"199\" srcset=\"\/wp-content\/uploads\/obed-300x199.jpg 300w, \/wp-content\/uploads\/obed.jpg 339w\" sizes=\"auto, (max-width: 300px) 100vw, 300px\" \/><\/a><\/p>\n<p style=\"text-align: center;\"><a href=\"\/wp-content\/uploads\/2015\/08\/seznam-alergenu.jpg\"><img loading=\"lazy\" decoding=\"async\" class=\"alignnone size-medium wp-image-451\" src=\"\/wp-content\/uploads\/2015\/08\/seznam-alergenu-218x300.jpg\" alt=\"seznam-alergenu\" width=\"218\" height=\"300\" srcset=\"\/wp-content\/uploads\/2015\/08\/seznam-alergenu-218x300.jpg 218w, \/wp-content\/uploads\/2015\/08\/seznam-alergenu-745x1024.jpg 745w, \/wp-content\/uploads\/2015\/08\/seznam-alergenu.jpg 1700w\" sizes=\"auto, (max-width: 218px) 100vw, 218px\" \/><\/a><\/p>\n","protected":false},"excerpt":{"rendered":"<p>J\u00eddeln\u00ed l\u00edstek 27. 4. &#8211; 30. 4. 2026 ZDE J\u00eddeln\u00ed l\u00edstek 20. 4. &#8211; 24. 4. 2026 ZDE J\u00eddeln\u00ed l\u00edstek 13. 4. &#8211; 17. 4. 2026 ZDE<\/p>\n","protected":false},"author":3,"featured_media":0,"parent":0,"menu_order":39,"comment_status":"open","ping_status":"open","template":"","meta":{"_mc_calendar":[],"footnotes":""},"class_list":["post-13","page","type-page","status-publish","hentry"],"acf":[],"_links":{"self":[{"href":"https:\/\/sou-cakovice.cz\/index.php?rest_route=\/wp\/v2\/pages\/13","targetHints":{"allow":["GET"]}}],"collection":[{"href":"https:\/\/sou-cakovice.cz\/index.php?rest_route=\/wp\/v2\/pages"}],"about":[{"href":"https:\/\/sou-cakovice.cz\/index.php?rest_route=\/wp\/v2\/types\/page"}],"author":[{"embeddable":true,"href":"https:\/\/sou-cakovice.cz\/index.php?rest_route=\/wp\/v2\/users\/3"}],"replies":[{"embeddable":true,"href":"https:\/\/sou-cakovice.cz\/index.php?rest_route=%2Fwp%2Fv2%2Fcomments&post=13"}],"version-history":[{"count":695,"href":"https:\/\/sou-cakovice.cz\/index.php?rest_route=\/wp\/v2\/pages\/13\/revisions"}],"predecessor-version":[{"id":7329,"href":"https:\/\/sou-cakovice.cz\/index.php?rest_route=\/wp\/v2\/pages\/13\/revisions\/7329"}],"wp:attachment":[{"href":"https:\/\/sou-cakovice.cz\/index.php?rest_route=%2Fwp%2Fv2%2Fmedia&parent=13"}],"curies":[{"name":"wp","href":"https:\/\/api.w.org\/{rel}","templated":true}]}}