{"id":126,"date":"2015-05-11T15:40:45","date_gmt":"2015-05-11T15:40:45","guid":{"rendered":"\/?page_id=126"},"modified":"2025-06-16T13:31:43","modified_gmt":"2025-06-16T13:31:43","slug":"sdruzeni-rodicu-skoly","status":"publish","type":"page","link":"https:\/\/sou-cakovice.cz\/?page_id=126","title":{"rendered":"Spolek rodi\u010d\u016f \u0161koly"},"content":{"rendered":"<p><\/p>\n<p style=\"text-align: center;\"><a href=\"\/wp-content\/uploads\/SRS-Zprava-o-hospodareni-SRS-za-skolni-rok-2023-2024.pdf\" target=\"_blank\" rel=\"noopener\">Zpr\u00e1va o hospoda\u0159en\u00ed SR\u0160 za \u0161koln\u00ed rok 2023\/2024<\/a><\/p>\n<p style=\"text-align: center;\"><a href=\"\/wp-content\/uploads\/SRS-Zprava-o-hospodareni-SRS-za-skolni-rok-2022-2023.pdf\" target=\"_blank\" rel=\"noopener\">Zpr\u00e1va o hospoda\u0159en\u00ed SR\u0160 za \u0161koln\u00ed rok 2022\/2023<\/a><\/p>\n<p style=\"text-align: center;\"><a href=\"\/wp-content\/uploads\/SRS-Zprava-o-hospodareni-SRS-za-skolni-rok-2021-2022.pdf\" target=\"_blank\" rel=\"noopener\">Zpr\u00e1va o hospoda\u0159en\u00ed SR\u0160 za \u0161koln\u00ed rok 2021\/2022<\/a><\/p>\n<p style=\"text-align: center;\"><a href=\"\/wp-content\/uploads\/SRS-Zprava-o-hospodareni-SRS-za-skolni-rok-2019-2020-2020-2021.pdf\" target=\"_blank\" rel=\"noopener\">Zpr\u00e1va o hospoda\u0159en\u00ed SR\u0160 za \u0161koln\u00ed rok 2019\/2020 a 2020\/2021<\/a><\/p>\n<p style=\"text-align: center;\"><a href=\"\/wp-content\/uploads\/SR\u0160-Zpr\u00e1va-o-hospoda\u0159en\u00ed-SR\u0160-za-\u0161koln\u00ed-rok-2018-2019.pdf\" target=\"_blank\" rel=\"noopener\">Zpr\u00e1va o hospoda\u0159en\u00ed SR\u0160 za \u0161koln\u00ed rok 2018\/2019<\/a><\/p>\n<p style=\"text-align: center;\"><a href=\"\/wp-content\/uploads\/SR\u0160-Zpr\u00e1va-o-hospoda\u0159en\u00ed-SR\u0160-za-\u0161koln\u00ed-rok-2017-2018.pdf\" target=\"_blank\" rel=\"noopener\">Zpr\u00e1va o hospoda\u0159en\u00ed SR\u0160 za \u0161koln\u00ed rok 2017\/2018<\/a><\/p>\n<p style=\"text-align: center;\"><a href=\"\/wp-content\/uploads\/SR\u0160-Zpr\u00e1va-o-hospoda\u0159en\u00ed-SR\u0160-za-\u0161koln\u00ed-rok-2016-2017.pdf\" target=\"_blank\" rel=\"noopener\">Zpr\u00e1va o hospoda\u0159en\u00ed SR\u0160 za \u0161koln\u00ed rok 2016\/2017<\/a><\/p>\n<p><\/p>","protected":false},"excerpt":{"rendered":"<p>Zpr\u00e1va o hospoda\u0159en\u00ed SR\u0160 za \u0161koln\u00ed rok 2023\/2024 Zpr\u00e1va o hospoda\u0159en\u00ed SR\u0160 za \u0161koln\u00ed rok 2022\/2023 Zpr\u00e1va o hospoda\u0159en\u00ed SR\u0160 za \u0161koln\u00ed rok 2021\/2022 Zpr\u00e1va o hospoda\u0159en\u00ed SR\u0160 za \u0161koln\u00ed rok 2019\/2020 a 2020\/2021 Zpr\u00e1va o hospoda\u0159en\u00ed SR\u0160 za \u0161koln\u00ed rok 2018\/2019 Zpr\u00e1va o hospoda\u0159en\u00ed SR\u0160 za \u0161koln\u00ed rok 2017\/2018 Zpr\u00e1va o hospoda\u0159en\u00ed SR\u0160 za [&hellip;]<\/p>\n","protected":false},"author":3,"featured_media":0,"parent":0,"menu_order":33,"comment_status":"open","ping_status":"open","template":"","meta":{"_mc_calendar":[],"footnotes":""},"class_list":["post-126","page","type-page","status-publish","hentry"],"acf":[],"_links":{"self":[{"href":"https:\/\/sou-cakovice.cz\/index.php?rest_route=\/wp\/v2\/pages\/126","targetHints":{"allow":["GET"]}}],"collection":[{"href":"https:\/\/sou-cakovice.cz\/index.php?rest_route=\/wp\/v2\/pages"}],"about":[{"href":"https:\/\/sou-cakovice.cz\/index.php?rest_route=\/wp\/v2\/types\/page"}],"author":[{"embeddable":true,"href":"https:\/\/sou-cakovice.cz\/index.php?rest_route=\/wp\/v2\/users\/3"}],"replies":[{"embeddable":true,"href":"https:\/\/sou-cakovice.cz\/index.php?rest_route=%2Fwp%2Fv2%2Fcomments&post=126"}],"version-history":[{"count":21,"href":"https:\/\/sou-cakovice.cz\/index.php?rest_route=\/wp\/v2\/pages\/126\/revisions"}],"predecessor-version":[{"id":7095,"href":"https:\/\/sou-cakovice.cz\/index.php?rest_route=\/wp\/v2\/pages\/126\/revisions\/7095"}],"wp:attachment":[{"href":"https:\/\/sou-cakovice.cz\/index.php?rest_route=%2Fwp%2Fv2%2Fmedia&parent=126"}],"curies":[{"name":"wp","href":"https:\/\/api.w.org\/{rel}","templated":true}]}}