{"id":10,"date":"2015-05-05T09:03:34","date_gmt":"2015-05-05T09:03:34","guid":{"rendered":"http:\/\/www.sou-cakovice.cz\/?page_id=10"},"modified":"2025-06-26T10:26:04","modified_gmt":"2025-06-26T10:26:04","slug":"catering","status":"publish","type":"page","link":"https:\/\/sou-cakovice.cz\/?page_id=10","title":{"rendered":"Catering"},"content":{"rendered":"<p><\/p>\n<h2 data-start=\"184\" data-end=\"244\"><strong data-start=\"187\" data-end=\"244\">Catering \u2013 komplexn\u00ed zaji\u0161t\u011bn\u00ed gastronomick\u00fdch slu\u017eeb<\/strong><\/h2>\n<p data-start=\"246\" data-end=\"390\">Na\u0161e \u0161kola nab\u00edz\u00ed \u0161irok\u00e9 spektrum <strong data-start=\"280\" data-end=\"304\">cateringov\u00fdch slu\u017eeb<\/strong> jak ve vlastn\u00edch prostor\u00e1ch, tak p\u0159\u00edmo u V\u00e1s \u2013 ve firm\u00e1ch, na akc\u00edch i v exteri\u00e9rech.<\/p>\n<h3 data-start=\"392\" data-end=\"409\"><strong data-start=\"396\" data-end=\"409\">Nab\u00edz\u00edme:<\/strong><\/h3>\n<ul data-start=\"410\" data-end=\"939\">\n<li data-start=\"410\" data-end=\"461\">\n<p data-start=\"412\" data-end=\"461\">kompletn\u00ed zaji\u0161t\u011bn\u00ed <strong data-start=\"432\" data-end=\"459\">raut\u016f, banket\u016f, recepc\u00ed<\/strong><\/p>\n<\/li>\n<li data-start=\"462\" data-end=\"573\">\n<p data-start=\"464\" data-end=\"573\"><strong data-start=\"464\" data-end=\"484\">barmansk\u00e9 slu\u017eby<\/strong>, hostiny a mal\u00e1 ob\u010derstven\u00ed (nap\u0159. p\u0159i obchodn\u00edch jedn\u00e1n\u00edch \u010di firemn\u00edch prezentac\u00edch)<\/p>\n<\/li>\n<li data-start=\"574\" data-end=\"635\">\n<p data-start=\"576\" data-end=\"635\"><strong data-start=\"576\" data-end=\"618\">venkovn\u00ed spole\u010densk\u00e9 akce pod pergolou<\/strong> v\u010detn\u011b obsluhy<\/p>\n<\/li>\n<li data-start=\"636\" data-end=\"719\">\n<p data-start=\"638\" data-end=\"719\"><strong data-start=\"638\" data-end=\"666\">grilov\u00e1n\u00ed, op\u00e9k\u00e1n\u00ed selat<\/strong> a dal\u0161\u00ed speciality v p\u0159\u00edjemn\u00e9m zahradn\u00edm prost\u0159ed\u00ed<\/p>\n<\/li>\n<li data-start=\"720\" data-end=\"774\">\n<p data-start=\"722\" data-end=\"774\"><strong data-start=\"722\" data-end=\"748\">\u0161irok\u00fd sortiment j\u00eddel<\/strong> tepl\u00e9 i studen\u00e9 kuchyn\u011b<\/p>\n<\/li>\n<li data-start=\"775\" data-end=\"824\">\n<p data-start=\"777\" data-end=\"824\">mo\u017enost <strong data-start=\"785\" data-end=\"811\">celodenn\u00edho stravov\u00e1n\u00ed<\/strong> b\u011bhem akc\u00ed<\/p>\n<\/li>\n<li data-start=\"825\" data-end=\"939\">\n<p data-start=\"827\" data-end=\"939\"><strong data-start=\"827\" data-end=\"872\">organizaci konferenc\u00ed, semin\u00e1\u0159\u016f, sympozi\u00ed<\/strong> a dal\u0161\u00edch odborn\u011b-spole\u010densk\u00fdch setk\u00e1n\u00ed v\u010detn\u011b pot\u0159ebn\u00e9ho z\u00e1zem\u00ed<\/p>\n<\/li>\n<\/ul>\n<p data-start=\"941\" data-end=\"1020\">Ceny stanovujeme <strong data-start=\"958\" data-end=\"1019\">individu\u00e1ln\u011b \u2013 dle Va\u0161ich po\u017eadavk\u016f a finan\u010dn\u00edch mo\u017enost\u00ed<\/strong>.<\/p>\n<hr data-start=\"1022\" data-end=\"1025\" \/>\n<h2 data-start=\"1027\" data-end=\"1051\"><strong data-start=\"1030\" data-end=\"1051\">K dispozici m\u00e1me:<\/strong><\/h2>\n<ul data-start=\"1052\" data-end=\"1266\">\n<li data-start=\"1052\" data-end=\"1105\">\n<p data-start=\"1054\" data-end=\"1105\"><strong data-start=\"1054\" data-end=\"1083\">\u0160koln\u00ed restauraci s barem<\/strong> \u2013 kapacita 150 osob<\/p>\n<\/li>\n<li data-start=\"1106\" data-end=\"1140\">\n<p data-start=\"1108\" data-end=\"1140\"><strong data-start=\"1108\" data-end=\"1119\">Salonek<\/strong> \u2013 kapacita 35 osob<\/p>\n<\/li>\n<li data-start=\"1141\" data-end=\"1201\">\n<p data-start=\"1143\" data-end=\"1201\"><strong data-start=\"1143\" data-end=\"1177\">Venkovn\u00ed terasu &#8222;Pod pergolou&#8220;<\/strong> \u2013 kapacita 20\u201335 osob<\/p>\n<\/li>\n<li data-start=\"1202\" data-end=\"1266\">\n<p data-start=\"1204\" data-end=\"1266\"><strong data-start=\"1204\" data-end=\"1222\">P.U.B. prostor<\/strong> \u2013 lze kombinovat s restaurac\u00ed nebo salonkem<\/p>\n<\/li>\n<\/ul>\n<hr data-start=\"1268\" data-end=\"1271\" \/>\n<h3 data-start=\"1273\" data-end=\"1295\"><strong data-start=\"1277\" data-end=\"1295\">D\u00e1le nab\u00edz\u00edme:<\/strong><\/h3>\n<ul data-start=\"1296\" data-end=\"1416\">\n<li data-start=\"1296\" data-end=\"1354\">\n<p data-start=\"1298\" data-end=\"1354\">zaji\u0161t\u011bn\u00ed <strong data-start=\"1308\" data-end=\"1319\">obsluhy<\/strong> pro rauty, oslavy, recepce apod.<\/p>\n<\/li>\n<li data-start=\"1355\" data-end=\"1416\">\n<p data-start=\"1357\" data-end=\"1416\"><strong data-start=\"1357\" data-end=\"1383\">v\u00fdrobu studen\u00e9 kuchyn\u011b<\/strong>, z\u00e1kusk\u016f a mou\u010dn\u00edk\u016f na zak\u00e1zku<\/p>\n<\/li>\n<\/ul>\n<p><\/p>","protected":false},"excerpt":{"rendered":"<p>Catering \u2013 komplexn\u00ed zaji\u0161t\u011bn\u00ed gastronomick\u00fdch slu\u017eeb Na\u0161e \u0161kola nab\u00edz\u00ed \u0161irok\u00e9 spektrum cateringov\u00fdch slu\u017eeb jak ve vlastn\u00edch prostor\u00e1ch, tak p\u0159\u00edmo u V\u00e1s \u2013 ve firm\u00e1ch, na akc\u00edch i v exteri\u00e9rech. Nab\u00edz\u00edme: kompletn\u00ed zaji\u0161t\u011bn\u00ed raut\u016f, banket\u016f, recepc\u00ed barmansk\u00e9 slu\u017eby, hostiny a mal\u00e1 ob\u010derstven\u00ed (nap\u0159. p\u0159i obchodn\u00edch jedn\u00e1n\u00edch \u010di firemn\u00edch prezentac\u00edch) venkovn\u00ed spole\u010densk\u00e9 akce pod pergolou v\u010detn\u011b obsluhy [&hellip;]<\/p>\n","protected":false},"author":3,"featured_media":95,"parent":0,"menu_order":40,"comment_status":"open","ping_status":"open","template":"tpl-catering.php","meta":{"_mc_calendar":[],"footnotes":""},"class_list":["post-10","page","type-page","status-publish","has-post-thumbnail","hentry"],"acf":[],"_links":{"self":[{"href":"https:\/\/sou-cakovice.cz\/index.php?rest_route=\/wp\/v2\/pages\/10","targetHints":{"allow":["GET"]}}],"collection":[{"href":"https:\/\/sou-cakovice.cz\/index.php?rest_route=\/wp\/v2\/pages"}],"about":[{"href":"https:\/\/sou-cakovice.cz\/index.php?rest_route=\/wp\/v2\/types\/page"}],"author":[{"embeddable":true,"href":"https:\/\/sou-cakovice.cz\/index.php?rest_route=\/wp\/v2\/users\/3"}],"replies":[{"embeddable":true,"href":"https:\/\/sou-cakovice.cz\/index.php?rest_route=%2Fwp%2Fv2%2Fcomments&post=10"}],"version-history":[{"count":12,"href":"https:\/\/sou-cakovice.cz\/index.php?rest_route=\/wp\/v2\/pages\/10\/revisions"}],"predecessor-version":[{"id":7110,"href":"https:\/\/sou-cakovice.cz\/index.php?rest_route=\/wp\/v2\/pages\/10\/revisions\/7110"}],"wp:featuredmedia":[{"embeddable":true,"href":"https:\/\/sou-cakovice.cz\/index.php?rest_route=\/wp\/v2\/media\/95"}],"wp:attachment":[{"href":"https:\/\/sou-cakovice.cz\/index.php?rest_route=%2Fwp%2Fv2%2Fmedia&parent=10"}],"curies":[{"name":"wp","href":"https:\/\/api.w.org\/{rel}","templated":true}]}}